{"id":36994,"date":"2018-06-13T12:50:54","date_gmt":"2018-06-13T10:50:54","guid":{"rendered":"https:\/\/gruenbein-shoes.com\/gruenbein-produktion\/"},"modified":"2019-10-24T12:15:24","modified_gmt":"2019-10-24T10:15:24","slug":"gruenbein-production","status":"publish","type":"page","link":"https:\/\/gruenbein-shoes.com\/en\/gruenbein-production\/","title":{"rendered":"GR\u00dcNBEIN PRODUCTION"},"content":{"rendered":"<p>[et_pb_section fb_built=&#8221;1&#8243; _builder_version=&#8221;3.22&#8243; custom_padding=&#8221;10px|0px|57px|0px&#8221;][et_pb_row disabled_on=&#8221;on|on|&#8221; _builder_version=&#8221;4.0.2&#8243; background_image=&#8221;https:\/\/gruenbein-shoes.com\/wp-content\/uploads\/2019\/05\/GRUENBEIN_NEW_COLLECTION_2019_3.jpg&#8221; background_position=&#8221;bottom_left&#8221; background_repeat=&#8221;repeat&#8221;][et_pb_column type=&#8221;4_4&#8243; _builder_version=&#8221;3.25&#8243; custom_padding=&#8221;|||&#8221; custom_padding__hover=&#8221;|||&#8221;][et_pb_text _builder_version=&#8221;4.0.2&#8243; header_text_color=&#8221;#ffffff&#8221; header_font_size=&#8221;46px&#8221; min_height=&#8221;235px&#8221; custom_margin=&#8221;153px|||||&#8221; custom_padding=&#8221;||108px|||&#8221;]<\/p>\n<h1 style=\"text-align: center;\">OUR PRODUCTION<\/h1>\n<p>[\/et_pb_text][\/et_pb_column][\/et_pb_row][et_pb_row custom_padding_last_edited=&#8221;on|phone&#8221; _builder_version=&#8221;3.25&#8243; custom_padding=&#8221;51px|50px|0|50px|false|false&#8221; custom_padding_tablet=&#8221;&#8221; custom_padding_phone=&#8221;0px|0px|0px|0px&#8221;][et_pb_column type=&#8221;4_4&#8243; _builder_version=&#8221;3.25&#8243; custom_padding=&#8221;|||&#8221; custom_padding__hover=&#8221;|||&#8221;][et_pb_text admin_label=&#8221;H2&#8243; _builder_version=&#8221;3.27.4&#8243; header_2_font=&#8221;|||on|||||&#8221; custom_margin=&#8221;||0px|&#8221; custom_padding=&#8221;||0px|30px&#8221; custom_padding_tablet=&#8221;&#8221; custom_padding_phone=&#8221;||0px|0px&#8221; custom_padding_last_edited=&#8221;on|phone&#8221;]<\/p>\n<h2>OUR QUALITY PROMISE<\/h2>\n<p>[\/et_pb_text][et_pb_text _builder_version=&#8221;3.27.4&#8243;]<\/p>\n<p><strong>People are at the centre of our collection<\/strong>. That&#8217;s why we use only<strong> high quality leathers<\/strong> that are compatible with the environment and people. All shoes are manufactured according to EU standard in workshops in Europe. The shoes are traditionally hand crafted to a large extent. These criteria guarantee <strong>durability<\/strong>, <strong>great wearing comfort<\/strong> and <strong>sustainable production<\/strong>.<\/p>\n<p>[\/et_pb_text][et_pb_text admin_label=&#8221;H2&#8243; _builder_version=&#8221;3.27.4&#8243; header_2_font=&#8221;|||on|||||&#8221; custom_margin_tablet=&#8221;&#8221; custom_margin_phone=&#8221;-10px|||&#8221; custom_margin_last_edited=&#8221;on|phone&#8221; custom_padding=&#8221;||10px|30px&#8221; custom_padding_tablet=&#8221;&#8221; custom_padding_phone=&#8221;||0px|0px&#8221; custom_padding_last_edited=&#8221;on|phone&#8221;]<\/p>\n<h2>PEOPLE ARE AT THE CENTRE<\/h2>\n<p>[\/et_pb_text][\/et_pb_column][\/et_pb_row][et_pb_row column_structure=&#8221;1_2,1_2&#8243; custom_padding_last_edited=&#8221;on|phone&#8221; _builder_version=&#8221;3.25&#8243; background_size=&#8221;initial&#8221; background_position=&#8221;top_left&#8221; background_repeat=&#8221;repeat&#8221; custom_padding=&#8221;0px|50px|27px|50px&#8221; custom_padding_tablet=&#8221;&#8221; custom_padding_phone=&#8221;0px|0px|0px|0px&#8221;][et_pb_column type=&#8221;1_2&#8243; _builder_version=&#8221;3.25&#8243; custom_padding=&#8221;|||&#8221; custom_padding__hover=&#8221;|||&#8221;][et_pb_text _builder_version=&#8221;3.27.4&#8243;]<\/p>\n<p><strong>Because you are important to us:<\/strong> Since the 2018 Spring Collection, all Gr\u00fcnbein inner linings are made exclusively from <strong>vegetable tanned leathers<\/strong>. In addition, most of our upper leathers are also vegetable tanned. Improper tanning with chromium sulphate creates harmful substances that cause allergies in many people. Also, improperly prepared chrome tanning agents can damage the environment to a great extent.<\/p>\n<p>Gr\u00fcnbein offers one of the largest shoe collections with <strong>natural crepe soles<\/strong>. Today this unique natural material is only available from a handful of footwear producers. Our <strong>manufactures in Portugal<\/strong> have the necessary expertise and many years of experience in the complex processing of this special and expensive material. The effort is worth it: natural crepe offers a particularly high damping performance and a uniquely casual look. At Gr\u00fcnbein you can enjoy all these advantages <strong>at moderate prices<\/strong>.<\/p>\n<p>[\/et_pb_text][\/et_pb_column][et_pb_column type=&#8221;1_2&#8243; _builder_version=&#8221;3.25&#8243; custom_padding=&#8221;|||&#8221; custom_padding__hover=&#8221;|||&#8221;][et_pb_image src=&#8221;https:\/\/gruenbein-shoes.com\/wp-content\/uploads\/2018\/06\/PRODUKTION_GRUENBEIN.jpg&#8221; alt=&#8221;GR\u00dcNBEIN PRODUCTION: People are at the centre of our collection. &#8221; title_text=&#8221;GR\u00dcNBEIN PRODUCTION: People are at the centre of our collection. &#8221; align_tablet=&#8221;center&#8221; align_phone=&#8221;&#8221; align_last_edited=&#8221;on|desktop&#8221; _builder_version=&#8221;3.23&#8243;]&nbsp;<br \/>\n[\/et_pb_image][\/et_pb_column][\/et_pb_row][et_pb_row custom_padding_last_edited=&#8221;on|phone&#8221; _builder_version=&#8221;3.25&#8243; background_size=&#8221;initial&#8221; background_position=&#8221;top_left&#8221; background_repeat=&#8221;repeat&#8221; custom_margin=&#8221;|||&#8221; custom_margin_tablet=&#8221;&#8221; custom_margin_phone=&#8221;||0px|&#8221; custom_margin_last_edited=&#8221;on|phone&#8221; custom_padding=&#8221;0px|50px|0px|50px&#8221; custom_padding_tablet=&#8221;&#8221; custom_padding_phone=&#8221;0px|0px|-20px|0px&#8221;][et_pb_column type=&#8221;4_4&#8243; _builder_version=&#8221;3.25&#8243; custom_padding=&#8221;|||&#8221; custom_padding__hover=&#8221;|||&#8221;][et_pb_text admin_label=&#8221;H2&#8243; _builder_version=&#8221;3.27.4&#8243; header_2_font=&#8221;|||on|||||&#8221; custom_margin_tablet=&#8221;-20px||-20px|&#8221; custom_margin_phone=&#8221;10px||10px|&#8221; custom_margin_last_edited=&#8221;on|phone&#8221; custom_padding=&#8221;||10px|30px&#8221; custom_padding_tablet=&#8221;&#8221; custom_padding_phone=&#8221;||0px|0px&#8221; custom_padding_last_edited=&#8221;on|phone&#8221;]<\/p>\n<h2>QUALITY PROMISE<\/h2>\n<p>[\/et_pb_text][\/et_pb_column][\/et_pb_row][et_pb_row custom_padding_last_edited=&#8221;on|tablet&#8221; disabled_on=&#8221;|off|on&#8221; module_class=&#8221; et_pb_row_fullwidth&#8221; _builder_version=&#8221;3.25&#8243; background_image=&#8221;https:\/\/gruenbein-shoes.com\/wp-content\/uploads\/2018\/06\/LOUIS_zerlegt_blank.jpg&#8221; width=&#8221;94%&#8221; width_tablet=&#8221;80%&#8221; width_phone=&#8221;&#8221; width_last_edited=&#8221;on|desktop&#8221; max_width=&#8221;94%&#8221; max_width_tablet=&#8221;80%&#8221; max_width_phone=&#8221;&#8221; max_width_last_edited=&#8221;on|desktop&#8221; module_alignment=&#8221;center&#8221; custom_margin_tablet=&#8221;&#8221; custom_margin_phone=&#8221;&#8221; custom_margin_last_edited=&#8221;on|desktop&#8221; custom_padding_tablet=&#8221;0px|0px|0px|0px&#8221; custom_padding_phone=&#8221;0px||0px|&#8221; make_fullwidth=&#8221;on&#8221;][et_pb_column type=&#8221;4_4&#8243; _builder_version=&#8221;3.25&#8243; custom_padding=&#8221;|||&#8221; custom_padding_tablet=&#8221;|0px||0px&#8221; custom_padding_phone=&#8221;&#8221; custom_padding_last_edited=&#8221;on|tablet&#8221; padding_tablet=&#8221;|0px||0px&#8221; padding_last_edited=&#8221;on|tablet&#8221; custom_padding__hover=&#8221;|||&#8221;][et_pb_image src=&#8221;https:\/\/gruenbein-shoes.com\/wp-content\/uploads\/2018\/06\/QUALITAETSVERSPRECHEN.png&#8221; alt=&#8221;GR\u00dcNBEIN PRODUCTION:People are at the centre of our collection. &#8221; title_text=&#8221;GR\u00dcNBEIN PRODUCTION:People are at the centre of our collection. &#8221; align_tablet=&#8221;center&#8221; align_phone=&#8221;&#8221; align_last_edited=&#8221;on|desktop&#8221; admin_label=&#8221;Bild MOBILE GRAUER KASTEN&#8221; _builder_version=&#8221;3.23&#8243; custom_padding=&#8221;30px||30px|&#8221; custom_padding_tablet=&#8221;&#8221; custom_padding_phone=&#8221;20px||0px|&#8221; custom_padding_last_edited=&#8221;on|phone&#8221;]&nbsp;<br \/>\n[\/et_pb_image][et_pb_text _builder_version=&#8221;3.27.4&#8243; text_orientation=&#8221;center&#8221; background_layout=&#8221;dark&#8221; custom_padding=&#8221;|10px||10px&#8221; custom_padding_tablet=&#8221;&#8221; custom_padding_phone=&#8221;&#8221; custom_padding_last_edited=&#8221;on|desktop&#8221;]<\/p>\n<p style=\"text-align: center;\">\u201cPeople are at the heart of our collection. That is why we use only high-quality leathers that are compatible with the environment and people. All shoes are manufactured in European workshops to EU standard. You can count on the quality of Gr\u00fcnbein products.\u201d<\/p>\n<p>[\/et_pb_text][et_pb_image src=&#8221;https:\/\/gruenbein-shoes.com\/wp-content\/uploads\/2018\/06\/KS.png&#8221; alt=&#8221;Klaus Schwarz CEO Gr\u00fcnbein&#8221; title_text=&#8221;Klaus Schwarz CEO Gr\u00fcnbein&#8221; align=&#8221;center&#8221; align_tablet=&#8221;center&#8221; align_phone=&#8221;&#8221; align_last_edited=&#8221;on|desktop&#8221; _builder_version=&#8221;3.23&#8243; custom_padding=&#8221;30px||30px|&#8221; custom_padding_tablet=&#8221;&#8221; custom_padding_phone=&#8221;0px|10px|0px|10px&#8221; custom_padding_last_edited=&#8221;on|phone&#8221;]&nbsp;<br \/>\n[\/et_pb_image][\/et_pb_column][\/et_pb_row][et_pb_row column_structure=&#8221;1_2,1_2&#8243; use_custom_gutter=&#8221;on&#8221; gutter_width=&#8221;1&#8243; make_equal=&#8221;on&#8221; disabled_on=&#8221;on|on|&#8221; _builder_version=&#8221;4.0.2&#8243; custom_padding=&#8221;0||3px||false|false&#8221; hover_enabled=&#8221;0&#8243;][et_pb_column type=&#8221;1_2&#8243; _builder_version=&#8221;4.0.2&#8243; background_image=&#8221;https:\/\/gruenbein-shoes.com\/wp-content\/uploads\/2019\/10\/GR\u00dcNBEIN_LOUIS_zerlegt.jpg&#8221; background_position=&#8221;center_left&#8221; custom_padding=&#8221;|||&#8221; hover_enabled=&#8221;0&#8243; custom_padding__hover=&#8221;|||&#8221;][\/et_pb_column][et_pb_column type=&#8221;1_2&#8243; _builder_version=&#8221;3.25&#8243; background_image=&#8221;https:\/\/gruenbein-shoes.com\/wp-content\/uploads\/2018\/06\/LOUIS_zerlegt_blank.jpg&#8221; custom_padding=&#8221;|||&#8221; custom_padding__hover=&#8221;|||&#8221;][et_pb_image src=&#8221;https:\/\/gruenbein-shoes.com\/wp-content\/uploads\/2018\/06\/QUALITAETSVERSPRECHEN.png&#8221; alt=&#8221;GR\u00dcNBEIN PRODUCTION:People are at the centre of our collection. &#8221; title_text=&#8221;GR\u00dcNBEIN PRODUCTION:People are at the centre of our collection. &#8221; align_tablet=&#8221;center&#8221; align_phone=&#8221;&#8221; align_last_edited=&#8221;on|desktop&#8221; _builder_version=&#8221;3.23&#8243; custom_padding=&#8221;50px||30px|&#8221;]&nbsp;<br \/>\n[\/et_pb_image][et_pb_text _builder_version=&#8221;3.27.4&#8243; background_layout=&#8221;dark&#8221; custom_padding=&#8221;|30px||10px&#8221;]<\/p>\n<p>\u201cPeople are at the heart of our collection. That is why we use only high-quality leathers that are compatible with the environment and people. All shoes are manufactured in European workshops to EU standard. You can count on the quality of Gr\u00fcnbein products.\u201d<\/p>\n<p>&nbsp;<\/p>\n<p>[\/et_pb_text][et_pb_image src=&#8221;https:\/\/gruenbein-shoes.com\/wp-content\/uploads\/2018\/06\/KS.png&#8221; alt=&#8221;GR\u00dcNBEIN PRODUKTION&#8221; title_text=&#8221;GR\u00dcNBEIN PRODUKTION&#8221; align_tablet=&#8221;center&#8221; align_phone=&#8221;&#8221; align_last_edited=&#8221;on|desktop&#8221; _builder_version=&#8221;3.23&#8243; custom_padding=&#8221;30px||30px|&#8221;]&nbsp;<br \/>\n[\/et_pb_image][\/et_pb_column][\/et_pb_row][et_pb_row custom_padding_last_edited=&#8221;on|phone&#8221; _builder_version=&#8221;3.25&#8243; custom_padding=&#8221;|50px||50px&#8221; custom_padding_tablet=&#8221;&#8221; custom_padding_phone=&#8221;20px|0px||0px&#8221;][et_pb_column type=&#8221;4_4&#8243; _builder_version=&#8221;3.25&#8243; custom_padding=&#8221;|||&#8221; custom_padding__hover=&#8221;|||&#8221;][et_pb_text admin_label=&#8221;H2&#8243; _builder_version=&#8221;3.27.4&#8243; header_2_font=&#8221;|||on|||||&#8221; custom_margin=&#8221;||0px|&#8221; custom_padding=&#8221;||0px|30px&#8221; custom_padding_tablet=&#8221;&#8221; custom_padding_phone=&#8221;||0px|0px&#8221; custom_padding_last_edited=&#8221;on|phone&#8221;]<\/p>\n<h2>THE RIGHT FIT IS IMPORTANT<\/h2>\n<p>[\/et_pb_text][et_pb_text _builder_version=&#8221;3.27.4&#8243;]<\/p>\n<p><strong>Everyone is different<\/strong>. Therefore, we offer most Gr\u00fcnbein models beyond the usual shoe sizes: <strong>for Ladies up to size 46 and for Gents up to size 48<\/strong>. But it&#8217;s not just the length that counts: the unique Gr\u00fcnbein style is represented by our shoe styles OSLO (wide last, asymmetrical toe area), TOKIO (asymmetrical toe area, narrower last than OSLO) and BERLIN. The BERLIN style unites different casual forms, from pointed to round. <strong>The choice of different fits<\/strong> makes it easy to find the right Gr\u00fcnbein shoe for every foot.<\/p>\n<p>[\/et_pb_text][\/et_pb_column][\/et_pb_row][\/et_pb_section]<\/p>\n","protected":false},"excerpt":{"rendered":"<p>OUR PRODUCTIONOUR QUALITY PROMISEPeople are at the centre of our collection. That&#8217;s why we use only high quality leathers that are compatible with the environment and people. All shoes are manufactured according to EU standard in workshops in Europe. The shoes are traditionally hand crafted to a large extent. These criteria guarantee durability, great wearing [&hellip;]<\/p>\n","protected":false},"author":1,"featured_media":0,"parent":0,"menu_order":0,"comment_status":"closed","ping_status":"closed","template":"","meta":{"_et_pb_use_builder":"on","_et_pb_old_content":"","_et_gb_content_width":"","_monsterinsights_skip_tracking":false,"_monsterinsights_sitenote_active":false,"_monsterinsights_sitenote_note":"","_monsterinsights_sitenote_category":0,"footnotes":""},"class_list":["post-36994","page","type-page","status-publish","hentry"],"yoast_head":"<!-- This site is optimized with the Yoast SEO plugin v27.4 - https:\/\/yoast.com\/product\/yoast-seo-wordpress\/ -->\n<title>GR\u00dcNBEIN PRODUCTION - Gr\u00fcnbein<\/title>\n<meta name=\"description\" content=\"GR\u00dcNBEIN PRODUCTION:People are at the centre of our collection. That\u2019s why we use only high quality leathers that are compatible with the environment and people. All shoes are manufactured according to EU standard in workshops in Europe.\" \/>\n<meta name=\"robots\" content=\"index, follow, max-snippet:-1, max-image-preview:large, max-video-preview:-1\" \/>\n<link rel=\"canonical\" href=\"https:\/\/gruenbein-shoes.com\/en\/gruenbein-production\/\" \/>\n<meta property=\"og:locale\" content=\"en_US\" \/>\n<meta property=\"og:type\" content=\"article\" \/>\n<meta property=\"og:title\" content=\"GR\u00dcNBEIN PRODUCTION - Gr\u00fcnbein\" \/>\n<meta property=\"og:description\" content=\"GR\u00dcNBEIN PRODUCTION:People are at the centre of our collection. That\u2019s why we use only high quality leathers that are compatible with the environment and people. All shoes are manufactured according to EU standard in workshops in Europe.\" \/>\n<meta property=\"og:url\" content=\"https:\/\/gruenbein-shoes.com\/en\/gruenbein-production\/\" \/>\n<meta property=\"og:site_name\" content=\"Gr\u00fcnbein\" \/>\n<meta property=\"article:publisher\" content=\"https:\/\/www.facebook.com\/Gr%c3%bcnbein-Switzerland\" \/>\n<meta property=\"article:modified_time\" content=\"2019-10-24T10:15:24+00:00\" \/>\n<meta property=\"og:image\" content=\"https:\/\/gruenbein-shoes.com\/wp-content\/uploads\/2018\/06\/UEBER_GRUENBEIN.jpg\" \/>\n\t<meta property=\"og:image:width\" content=\"1000\" \/>\n\t<meta property=\"og:image:height\" content=\"704\" \/>\n\t<meta property=\"og:image:type\" content=\"image\/jpeg\" \/>\n<meta name=\"twitter:card\" content=\"summary_large_image\" \/>\n<meta name=\"twitter:label1\" content=\"Est. reading time\" \/>\n\t<meta name=\"twitter:data1\" content=\"7 minutes\" \/>\n<script type=\"application\/ld+json\" class=\"yoast-schema-graph\">{\"@context\":\"https:\\\/\\\/schema.org\",\"@graph\":[{\"@type\":\"WebPage\",\"@id\":\"https:\\\/\\\/gruenbein-shoes.com\\\/en\\\/gruenbein-production\\\/\",\"url\":\"https:\\\/\\\/gruenbein-shoes.com\\\/en\\\/gruenbein-production\\\/\",\"name\":\"GR\u00dcNBEIN PRODUCTION - Gr\u00fcnbein\",\"isPartOf\":{\"@id\":\"https:\\\/\\\/gruenbein-shoes.com\\\/en\\\/#website\"},\"datePublished\":\"2018-06-13T10:50:54+00:00\",\"dateModified\":\"2019-10-24T10:15:24+00:00\",\"description\":\"GR\u00dcNBEIN PRODUCTION:People are at the centre of our collection. That\u2019s why we use only high quality leathers that are compatible with the environment and people. All shoes are manufactured according to EU standard in workshops in Europe.\",\"breadcrumb\":{\"@id\":\"https:\\\/\\\/gruenbein-shoes.com\\\/en\\\/gruenbein-production\\\/#breadcrumb\"},\"inLanguage\":\"en-US\",\"potentialAction\":[{\"@type\":\"ReadAction\",\"target\":[\"https:\\\/\\\/gruenbein-shoes.com\\\/en\\\/gruenbein-production\\\/\"]}]},{\"@type\":\"BreadcrumbList\",\"@id\":\"https:\\\/\\\/gruenbein-shoes.com\\\/en\\\/gruenbein-production\\\/#breadcrumb\",\"itemListElement\":[{\"@type\":\"ListItem\",\"position\":1,\"name\":\"Startseite\",\"item\":\"https:\\\/\\\/gruenbein-shoes.com\\\/en\\\/\"},{\"@type\":\"ListItem\",\"position\":2,\"name\":\"GR\u00dcNBEIN PRODUCTION\"}]},{\"@type\":\"WebSite\",\"@id\":\"https:\\\/\\\/gruenbein-shoes.com\\\/en\\\/#website\",\"url\":\"https:\\\/\\\/gruenbein-shoes.com\\\/en\\\/\",\"name\":\"Gr\u00fcnbein\",\"description\":\"Hochwertig, modisch, komfortabel: Entdecken Sie die aktuellen Schuhkollektionen f\u00fcr Damen und Herren\",\"publisher\":{\"@id\":\"https:\\\/\\\/gruenbein-shoes.com\\\/en\\\/#organization\"},\"potentialAction\":[{\"@type\":\"SearchAction\",\"target\":{\"@type\":\"EntryPoint\",\"urlTemplate\":\"https:\\\/\\\/gruenbein-shoes.com\\\/en\\\/?s={search_term_string}\"},\"query-input\":{\"@type\":\"PropertyValueSpecification\",\"valueRequired\":true,\"valueName\":\"search_term_string\"}}],\"inLanguage\":\"en-US\"},{\"@type\":\"Organization\",\"@id\":\"https:\\\/\\\/gruenbein-shoes.com\\\/en\\\/#organization\",\"name\":\"GR\u00dcNBEIN Switzerland\",\"url\":\"https:\\\/\\\/gruenbein-shoes.com\\\/en\\\/\",\"logo\":{\"@type\":\"ImageObject\",\"inLanguage\":\"en-US\",\"@id\":\"https:\\\/\\\/gruenbein-shoes.com\\\/en\\\/#\\\/schema\\\/logo\\\/image\\\/\",\"url\":\"\",\"contentUrl\":\"\",\"caption\":\"GR\u00dcNBEIN Switzerland\"},\"image\":{\"@id\":\"https:\\\/\\\/gruenbein-shoes.com\\\/en\\\/#\\\/schema\\\/logo\\\/image\\\/\"},\"sameAs\":[\"https:\\\/\\\/www.facebook.com\\\/Gr\u00fcnbein-Switzerland\",\"https:\\\/\\\/www.instagram.com\\\/gruenbeinshoes\\\/\"]}]}<\/script>\n<!-- \/ Yoast SEO plugin. -->","yoast_head_json":{"title":"GR\u00dcNBEIN PRODUCTION - Gr\u00fcnbein","description":"GR\u00dcNBEIN PRODUCTION:People are at the centre of our collection. That\u2019s why we use only high quality leathers that are compatible with the environment and people. All shoes are manufactured according to EU standard in workshops in Europe.","robots":{"index":"index","follow":"follow","max-snippet":"max-snippet:-1","max-image-preview":"max-image-preview:large","max-video-preview":"max-video-preview:-1"},"canonical":"https:\/\/gruenbein-shoes.com\/en\/gruenbein-production\/","og_locale":"en_US","og_type":"article","og_title":"GR\u00dcNBEIN PRODUCTION - Gr\u00fcnbein","og_description":"GR\u00dcNBEIN PRODUCTION:People are at the centre of our collection. That\u2019s why we use only high quality leathers that are compatible with the environment and people. All shoes are manufactured according to EU standard in workshops in Europe.","og_url":"https:\/\/gruenbein-shoes.com\/en\/gruenbein-production\/","og_site_name":"Gr\u00fcnbein","article_publisher":"https:\/\/www.facebook.com\/Gr%c3%bcnbein-Switzerland","article_modified_time":"2019-10-24T10:15:24+00:00","og_image":[{"width":1000,"height":704,"url":"https:\/\/gruenbein-shoes.com\/wp-content\/uploads\/2018\/06\/UEBER_GRUENBEIN.jpg","type":"image\/jpeg"}],"twitter_card":"summary_large_image","twitter_misc":{"Est. reading time":"7 minutes"},"schema":{"@context":"https:\/\/schema.org","@graph":[{"@type":"WebPage","@id":"https:\/\/gruenbein-shoes.com\/en\/gruenbein-production\/","url":"https:\/\/gruenbein-shoes.com\/en\/gruenbein-production\/","name":"GR\u00dcNBEIN PRODUCTION - Gr\u00fcnbein","isPartOf":{"@id":"https:\/\/gruenbein-shoes.com\/en\/#website"},"datePublished":"2018-06-13T10:50:54+00:00","dateModified":"2019-10-24T10:15:24+00:00","description":"GR\u00dcNBEIN PRODUCTION:People are at the centre of our collection. That\u2019s why we use only high quality leathers that are compatible with the environment and people. All shoes are manufactured according to EU standard in workshops in Europe.","breadcrumb":{"@id":"https:\/\/gruenbein-shoes.com\/en\/gruenbein-production\/#breadcrumb"},"inLanguage":"en-US","potentialAction":[{"@type":"ReadAction","target":["https:\/\/gruenbein-shoes.com\/en\/gruenbein-production\/"]}]},{"@type":"BreadcrumbList","@id":"https:\/\/gruenbein-shoes.com\/en\/gruenbein-production\/#breadcrumb","itemListElement":[{"@type":"ListItem","position":1,"name":"Startseite","item":"https:\/\/gruenbein-shoes.com\/en\/"},{"@type":"ListItem","position":2,"name":"GR\u00dcNBEIN PRODUCTION"}]},{"@type":"WebSite","@id":"https:\/\/gruenbein-shoes.com\/en\/#website","url":"https:\/\/gruenbein-shoes.com\/en\/","name":"Gr\u00fcnbein","description":"Hochwertig, modisch, komfortabel: Entdecken Sie die aktuellen Schuhkollektionen f\u00fcr Damen und Herren","publisher":{"@id":"https:\/\/gruenbein-shoes.com\/en\/#organization"},"potentialAction":[{"@type":"SearchAction","target":{"@type":"EntryPoint","urlTemplate":"https:\/\/gruenbein-shoes.com\/en\/?s={search_term_string}"},"query-input":{"@type":"PropertyValueSpecification","valueRequired":true,"valueName":"search_term_string"}}],"inLanguage":"en-US"},{"@type":"Organization","@id":"https:\/\/gruenbein-shoes.com\/en\/#organization","name":"GR\u00dcNBEIN Switzerland","url":"https:\/\/gruenbein-shoes.com\/en\/","logo":{"@type":"ImageObject","inLanguage":"en-US","@id":"https:\/\/gruenbein-shoes.com\/en\/#\/schema\/logo\/image\/","url":"","contentUrl":"","caption":"GR\u00dcNBEIN Switzerland"},"image":{"@id":"https:\/\/gruenbein-shoes.com\/en\/#\/schema\/logo\/image\/"},"sameAs":["https:\/\/www.facebook.com\/Gr\u00fcnbein-Switzerland","https:\/\/www.instagram.com\/gruenbeinshoes\/"]}]}},"_links":{"self":[{"href":"https:\/\/gruenbein-shoes.com\/en\/wp-json\/wp\/v2\/pages\/36994","targetHints":{"allow":["GET"]}}],"collection":[{"href":"https:\/\/gruenbein-shoes.com\/en\/wp-json\/wp\/v2\/pages"}],"about":[{"href":"https:\/\/gruenbein-shoes.com\/en\/wp-json\/wp\/v2\/types\/page"}],"author":[{"embeddable":true,"href":"https:\/\/gruenbein-shoes.com\/en\/wp-json\/wp\/v2\/users\/1"}],"replies":[{"embeddable":true,"href":"https:\/\/gruenbein-shoes.com\/en\/wp-json\/wp\/v2\/comments?post=36994"}],"version-history":[{"count":7,"href":"https:\/\/gruenbein-shoes.com\/en\/wp-json\/wp\/v2\/pages\/36994\/revisions"}],"predecessor-version":[{"id":39262,"href":"https:\/\/gruenbein-shoes.com\/en\/wp-json\/wp\/v2\/pages\/36994\/revisions\/39262"}],"wp:attachment":[{"href":"https:\/\/gruenbein-shoes.com\/en\/wp-json\/wp\/v2\/media?parent=36994"}],"curies":[{"name":"wp","href":"https:\/\/api.w.org\/{rel}","templated":true}]}}