{"id":36998,"date":"2018-06-26T12:15:11","date_gmt":"2018-06-26T10:15:11","guid":{"rendered":"https:\/\/gruenbein-shoes.com\/ueber-gruenbein\/"},"modified":"2021-08-12T10:01:01","modified_gmt":"2021-08-12T08:01:01","slug":"about-gruenbein","status":"publish","type":"page","link":"https:\/\/gruenbein-shoes.com\/en\/about-gruenbein\/","title":{"rendered":"About Gr\u00fcnbein EN"},"content":{"rendered":"<p>[et_pb_section fb_built=&#8221;1&#8243; _builder_version=&#8221;3.22&#8243; custom_padding=&#8221;10px|0px|57px|0px&#8221;][et_pb_row disabled_on=&#8221;on|on|&#8221; _builder_version=&#8221;3.25&#8243; background_image=&#8221;https:\/\/gruenbein-shoes.com\/wp-content\/uploads\/2018\/06\/UEBER_GRUENBEIN.jpg&#8221; background_repeat=&#8221;repeat&#8221; custom_padding=&#8221;68px||0||false|false&#8221;][et_pb_column type=&#8221;4_4&#8243; _builder_version=&#8221;3.25&#8243; custom_padding=&#8221;|||&#8221; custom_padding__hover=&#8221;|||&#8221;][et_pb_divider show_divider=&#8221;off&#8221; _builder_version=&#8221;3.5.1&#8243; height=&#8221;150px&#8221;]&nbsp;<br \/>\n[\/et_pb_divider][et_pb_image src=&#8221;https:\/\/gruenbein-shoes.com\/wp-content\/uploads\/2019\/10\/GR\u00dcNBEIN_logo_white.png&#8221; align=&#8221;center&#8221; align_tablet=&#8221;center&#8221; align_phone=&#8221;&#8221; align_last_edited=&#8221;on|desktop&#8221; _builder_version=&#8221;4.0.2&#8243; custom_margin=&#8221;|||&#8221; custom_padding=&#8221;||250px|&#8221; animation_style=&#8221;fade&#8221;]&nbsp;<br \/>\n[\/et_pb_image][\/et_pb_column][\/et_pb_row][et_pb_row custom_padding_last_edited=&#8221;on|phone&#8221; _builder_version=&#8221;3.25&#8243; custom_padding=&#8221;57px|50px|0|50px|false|false&#8221; custom_padding_tablet=&#8221;&#8221; custom_padding_phone=&#8221;0px|0px|0px|0px&#8221;][et_pb_column type=&#8221;4_4&#8243; _builder_version=&#8221;3.25&#8243; custom_padding=&#8221;|||&#8221; custom_padding__hover=&#8221;|||&#8221;][et_pb_text admin_label=&#8221;H2&#8243; _builder_version=&#8221;3.27.4&#8243; header_2_font=&#8221;|||on|||||&#8221; custom_margin=&#8221;||0px|&#8221; custom_padding=&#8221;||0px|30px&#8221; custom_padding_tablet=&#8221;&#8221; custom_padding_phone=&#8221;||0px|0px&#8221; custom_padding_last_edited=&#8221;on|phone&#8221;]<\/p>\n<h2>BRAND HISTORY<\/h2>\n<p>[\/et_pb_text][et_pb_text _builder_version=&#8221;3.27.4&#8243;]<\/p>\n<p>Ever since his youth, Gr\u00fcnbein founder Klaus Schwarz is mad about shoes. His first collection were extravagant Rockabilly models, which he produced 30 years ago in a small edition in the Palatinate. The fervour for shoes is probably in his genes: his ancestor<strong> Max Gr\u00fcnbein was a passionate shoemaker<\/strong>, who pursued his craft around 1900 in Silesia.<\/p>\n<p>After various stations in the shoe industry, Schwarz founded the shoe company Linie Nero and the <strong>Gr\u00fcnbein brand<\/strong> in 2006 in Switzerland. When he converted the company into Nero Handels GmbH in 2009, the company headquarters moved to Berlin.<\/p>\n<p>[\/et_pb_text][et_pb_text admin_label=&#8221;H2&#8243; _builder_version=&#8221;3.27.4&#8243; header_2_font=&#8221;|||on|||||&#8221; custom_margin=&#8221;||-1px|&#8221; custom_margin_tablet=&#8221;&#8221; custom_margin_phone=&#8221;-20px||-1px|&#8221; custom_margin_last_edited=&#8221;on|phone&#8221; custom_padding=&#8221;||0px|30px&#8221; custom_padding_tablet=&#8221;&#8221; custom_padding_phone=&#8221;||0px|0px&#8221; custom_padding_last_edited=&#8221;on|phone&#8221;]<\/p>\n<h2>PREMIUM QUALITY, STYLISH, COMFORTABLE<\/h2>\n<p>[\/et_pb_text][et_pb_text _builder_version=&#8221;3.27.4&#8243;]<\/p>\n<p>Typical for the Gr\u00fcnbein brand is the successful combination of high-quality European leather types, excellent comfort, best manufacturing quality and high fashion standards. Where other labels make compromises, Gr\u00fcnbein opens up another lane: <strong>the models come in two fits<\/strong>, <a href=\"https:\/\/www.shoes-berlin.de\/en\/Gruenbein\/Ladies\/By-Fit\/Modern-Classic\/\">Modern Classic<\/a> and <a href=\"https:\/\/www.shoes-berlin.de\/en\/Gruenbein\/Ladies\/By-Fit\/Natural-Fit\/\">Natural Fit<\/a>, so that every customer can find their own perfectly fitting shoe &#8211; comfort and good looks form a perfect symbiosis.<\/p>\n<p>[\/et_pb_text][\/et_pb_column][\/et_pb_row][et_pb_row custom_padding_last_edited=&#8221;on|phone&#8221; _builder_version=&#8221;3.25&#8243; custom_padding=&#8221;16px|50px||50px|false|false&#8221; custom_padding_tablet=&#8221;&#8221; custom_padding_phone=&#8221;0px|0px||0px&#8221;][et_pb_column type=&#8221;4_4&#8243; _builder_version=&#8221;3.25&#8243; custom_padding=&#8221;|||&#8221; custom_padding__hover=&#8221;|||&#8221;][et_pb_text admin_label=&#8221;H2&#8243; _builder_version=&#8221;3.27.4&#8243; header_2_font=&#8221;|||on|||||&#8221; custom_margin=&#8221;||0px|&#8221; custom_margin_tablet=&#8221;&#8221; custom_margin_phone=&#8221;10px||0px|&#8221; custom_margin_last_edited=&#8221;on|phone&#8221; custom_padding=&#8221;||0px|30px&#8221; custom_padding_tablet=&#8221;&#8221; custom_padding_phone=&#8221;||0px|0px&#8221; custom_padding_last_edited=&#8221;on|phone&#8221;]<\/p>\n<h2>BEST QUALITY FROM THE START<\/h2>\n<p>[\/et_pb_text][et_pb_text _builder_version=&#8221;3.27.4&#8243;]<\/p>\n<p>Today, around 25 employees in Germany are responsible for the sale, organisation and sale of the shoe collections,<strong> all of the shoes are manufactured in selected factories in Portugal<\/strong>. Gr\u00fcnbein has worked with most of these small and medium-sized family businesses right from the start.<\/p>\n<p>Based on the retro style of the 1960s and 1970s, the Gr\u00fcnbein collection offers a very special look with natural crepes soles, highly fashionable materials and a unique colour scheme &#8211; from timeless colours to extravagant effect leathers.<\/p>\n<p>[\/et_pb_text][et_pb_text _builder_version=&#8221;4.0.6&#8243; hover_enabled=&#8221;0&#8243;]In the two Berlin flagship stores &#8211; centrally located <a href=\"\/en\/gruenbein-mitte\/\">in Mitte<\/a> and <a href=\"\/en\/gruenbein-prenzlauer-berg\/\">Prenzlauer Berg<\/a> \u2013 you can discover the entire Gr\u00fcnbein world in its colourful diversity. Or shop online at <a href=\"https:\/\/www.shoes-berlin.de\/\">Shoes Berlin<\/a> to get all Gr\u00fcnbein models.<a href=\"https:\/\/www.shoes-berlin.de\/\">\u00a0 <\/a>[\/et_pb_text][\/et_pb_column][\/et_pb_row][\/et_pb_section]<\/p>\n","protected":false},"excerpt":{"rendered":"<p>&nbsp; &nbsp; BRAND HISTORYEver since his youth, Gr\u00fcnbein founder Klaus Schwarz is mad about shoes. His first collection were extravagant Rockabilly models, which he produced 30 years ago in a small edition in the Palatinate. The fervour for shoes is probably in his genes: his ancestor Max Gr\u00fcnbein was a passionate shoemaker, who pursued his [&hellip;]<\/p>\n","protected":false},"author":1,"featured_media":0,"parent":0,"menu_order":0,"comment_status":"closed","ping_status":"closed","template":"","meta":{"_et_pb_use_builder":"on","_et_pb_old_content":"","_et_gb_content_width":"","_monsterinsights_skip_tracking":false,"_monsterinsights_sitenote_active":false,"_monsterinsights_sitenote_note":"","_monsterinsights_sitenote_category":0,"footnotes":""},"class_list":["post-36998","page","type-page","status-publish","hentry"],"yoast_head":"<!-- This site is optimized with the Yoast SEO plugin v27.4 - https:\/\/yoast.com\/product\/yoast-seo-wordpress\/ -->\n<title>About Gr\u00fcnbein EN - Gr\u00fcnbein<\/title>\n<meta name=\"description\" content=\"About Gr\u00fcnbein:Typical for the Gr\u00fcnbein Switzerland brand is the successful combination of high-quality European leather types, excellent comfort, best manufacturing quality and high fashion standards.\" \/>\n<meta name=\"robots\" content=\"index, follow, max-snippet:-1, max-image-preview:large, max-video-preview:-1\" \/>\n<link rel=\"canonical\" href=\"https:\/\/gruenbein-shoes.com\/en\/about-gruenbein\/\" \/>\n<meta property=\"og:locale\" content=\"en_US\" \/>\n<meta property=\"og:type\" content=\"article\" \/>\n<meta property=\"og:title\" content=\"About Gr\u00fcnbein EN - Gr\u00fcnbein\" \/>\n<meta property=\"og:description\" content=\"About Gr\u00fcnbein:Typical for the Gr\u00fcnbein Switzerland brand is the successful combination of high-quality European leather types, excellent comfort, best manufacturing quality and high fashion standards.\" \/>\n<meta property=\"og:url\" content=\"https:\/\/gruenbein-shoes.com\/en\/about-gruenbein\/\" \/>\n<meta property=\"og:site_name\" content=\"Gr\u00fcnbein\" \/>\n<meta property=\"article:publisher\" content=\"https:\/\/www.facebook.com\/Gr%c3%bcnbein-Switzerland\" \/>\n<meta property=\"article:modified_time\" content=\"2021-08-12T08:01:01+00:00\" \/>\n<meta property=\"og:image\" content=\"https:\/\/gruenbein-shoes.com\/wp-content\/uploads\/2018\/06\/UEBER_GRUENBEIN.jpg\" \/>\n\t<meta property=\"og:image:width\" content=\"1000\" \/>\n\t<meta property=\"og:image:height\" content=\"704\" \/>\n\t<meta property=\"og:image:type\" content=\"image\/jpeg\" \/>\n<meta name=\"twitter:card\" content=\"summary_large_image\" \/>\n<meta name=\"twitter:label1\" content=\"Est. reading time\" \/>\n\t<meta name=\"twitter:data1\" content=\"2 minutes\" \/>\n<script type=\"application\/ld+json\" class=\"yoast-schema-graph\">{\"@context\":\"https:\\\/\\\/schema.org\",\"@graph\":[{\"@type\":\"WebPage\",\"@id\":\"https:\\\/\\\/gruenbein-shoes.com\\\/en\\\/about-gruenbein\\\/\",\"url\":\"https:\\\/\\\/gruenbein-shoes.com\\\/en\\\/about-gruenbein\\\/\",\"name\":\"About Gr\u00fcnbein EN - Gr\u00fcnbein\",\"isPartOf\":{\"@id\":\"https:\\\/\\\/gruenbein-shoes.com\\\/en\\\/#website\"},\"datePublished\":\"2018-06-26T10:15:11+00:00\",\"dateModified\":\"2021-08-12T08:01:01+00:00\",\"description\":\"About Gr\u00fcnbein:Typical for the Gr\u00fcnbein Switzerland brand is the successful combination of high-quality European leather types, excellent comfort, best manufacturing quality and high fashion standards.\",\"breadcrumb\":{\"@id\":\"https:\\\/\\\/gruenbein-shoes.com\\\/en\\\/about-gruenbein\\\/#breadcrumb\"},\"inLanguage\":\"en-US\",\"potentialAction\":[{\"@type\":\"ReadAction\",\"target\":[\"https:\\\/\\\/gruenbein-shoes.com\\\/en\\\/about-gruenbein\\\/\"]}]},{\"@type\":\"BreadcrumbList\",\"@id\":\"https:\\\/\\\/gruenbein-shoes.com\\\/en\\\/about-gruenbein\\\/#breadcrumb\",\"itemListElement\":[{\"@type\":\"ListItem\",\"position\":1,\"name\":\"Startseite\",\"item\":\"https:\\\/\\\/gruenbein-shoes.com\\\/en\\\/\"},{\"@type\":\"ListItem\",\"position\":2,\"name\":\"About Gr\u00fcnbein EN\"}]},{\"@type\":\"WebSite\",\"@id\":\"https:\\\/\\\/gruenbein-shoes.com\\\/en\\\/#website\",\"url\":\"https:\\\/\\\/gruenbein-shoes.com\\\/en\\\/\",\"name\":\"Gr\u00fcnbein\",\"description\":\"Hochwertig, modisch, komfortabel: Entdecken Sie die aktuellen Schuhkollektionen f\u00fcr Damen und Herren\",\"publisher\":{\"@id\":\"https:\\\/\\\/gruenbein-shoes.com\\\/en\\\/#organization\"},\"potentialAction\":[{\"@type\":\"SearchAction\",\"target\":{\"@type\":\"EntryPoint\",\"urlTemplate\":\"https:\\\/\\\/gruenbein-shoes.com\\\/en\\\/?s={search_term_string}\"},\"query-input\":{\"@type\":\"PropertyValueSpecification\",\"valueRequired\":true,\"valueName\":\"search_term_string\"}}],\"inLanguage\":\"en-US\"},{\"@type\":\"Organization\",\"@id\":\"https:\\\/\\\/gruenbein-shoes.com\\\/en\\\/#organization\",\"name\":\"GR\u00dcNBEIN Switzerland\",\"url\":\"https:\\\/\\\/gruenbein-shoes.com\\\/en\\\/\",\"logo\":{\"@type\":\"ImageObject\",\"inLanguage\":\"en-US\",\"@id\":\"https:\\\/\\\/gruenbein-shoes.com\\\/en\\\/#\\\/schema\\\/logo\\\/image\\\/\",\"url\":\"\",\"contentUrl\":\"\",\"caption\":\"GR\u00dcNBEIN Switzerland\"},\"image\":{\"@id\":\"https:\\\/\\\/gruenbein-shoes.com\\\/en\\\/#\\\/schema\\\/logo\\\/image\\\/\"},\"sameAs\":[\"https:\\\/\\\/www.facebook.com\\\/Gr\u00fcnbein-Switzerland\",\"https:\\\/\\\/www.instagram.com\\\/gruenbeinshoes\\\/\"]}]}<\/script>\n<!-- \/ Yoast SEO plugin. -->","yoast_head_json":{"title":"About Gr\u00fcnbein EN - Gr\u00fcnbein","description":"About Gr\u00fcnbein:Typical for the Gr\u00fcnbein Switzerland brand is the successful combination of high-quality European leather types, excellent comfort, best manufacturing quality and high fashion standards.","robots":{"index":"index","follow":"follow","max-snippet":"max-snippet:-1","max-image-preview":"max-image-preview:large","max-video-preview":"max-video-preview:-1"},"canonical":"https:\/\/gruenbein-shoes.com\/en\/about-gruenbein\/","og_locale":"en_US","og_type":"article","og_title":"About Gr\u00fcnbein EN - Gr\u00fcnbein","og_description":"About Gr\u00fcnbein:Typical for the Gr\u00fcnbein Switzerland brand is the successful combination of high-quality European leather types, excellent comfort, best manufacturing quality and high fashion standards.","og_url":"https:\/\/gruenbein-shoes.com\/en\/about-gruenbein\/","og_site_name":"Gr\u00fcnbein","article_publisher":"https:\/\/www.facebook.com\/Gr%c3%bcnbein-Switzerland","article_modified_time":"2021-08-12T08:01:01+00:00","og_image":[{"width":1000,"height":704,"url":"https:\/\/gruenbein-shoes.com\/wp-content\/uploads\/2018\/06\/UEBER_GRUENBEIN.jpg","type":"image\/jpeg"}],"twitter_card":"summary_large_image","twitter_misc":{"Est. reading time":"2 minutes"},"schema":{"@context":"https:\/\/schema.org","@graph":[{"@type":"WebPage","@id":"https:\/\/gruenbein-shoes.com\/en\/about-gruenbein\/","url":"https:\/\/gruenbein-shoes.com\/en\/about-gruenbein\/","name":"About Gr\u00fcnbein EN - Gr\u00fcnbein","isPartOf":{"@id":"https:\/\/gruenbein-shoes.com\/en\/#website"},"datePublished":"2018-06-26T10:15:11+00:00","dateModified":"2021-08-12T08:01:01+00:00","description":"About Gr\u00fcnbein:Typical for the Gr\u00fcnbein Switzerland brand is the successful combination of high-quality European leather types, excellent comfort, best manufacturing quality and high fashion standards.","breadcrumb":{"@id":"https:\/\/gruenbein-shoes.com\/en\/about-gruenbein\/#breadcrumb"},"inLanguage":"en-US","potentialAction":[{"@type":"ReadAction","target":["https:\/\/gruenbein-shoes.com\/en\/about-gruenbein\/"]}]},{"@type":"BreadcrumbList","@id":"https:\/\/gruenbein-shoes.com\/en\/about-gruenbein\/#breadcrumb","itemListElement":[{"@type":"ListItem","position":1,"name":"Startseite","item":"https:\/\/gruenbein-shoes.com\/en\/"},{"@type":"ListItem","position":2,"name":"About Gr\u00fcnbein EN"}]},{"@type":"WebSite","@id":"https:\/\/gruenbein-shoes.com\/en\/#website","url":"https:\/\/gruenbein-shoes.com\/en\/","name":"Gr\u00fcnbein","description":"Hochwertig, modisch, komfortabel: Entdecken Sie die aktuellen Schuhkollektionen f\u00fcr Damen und Herren","publisher":{"@id":"https:\/\/gruenbein-shoes.com\/en\/#organization"},"potentialAction":[{"@type":"SearchAction","target":{"@type":"EntryPoint","urlTemplate":"https:\/\/gruenbein-shoes.com\/en\/?s={search_term_string}"},"query-input":{"@type":"PropertyValueSpecification","valueRequired":true,"valueName":"search_term_string"}}],"inLanguage":"en-US"},{"@type":"Organization","@id":"https:\/\/gruenbein-shoes.com\/en\/#organization","name":"GR\u00dcNBEIN Switzerland","url":"https:\/\/gruenbein-shoes.com\/en\/","logo":{"@type":"ImageObject","inLanguage":"en-US","@id":"https:\/\/gruenbein-shoes.com\/en\/#\/schema\/logo\/image\/","url":"","contentUrl":"","caption":"GR\u00dcNBEIN Switzerland"},"image":{"@id":"https:\/\/gruenbein-shoes.com\/en\/#\/schema\/logo\/image\/"},"sameAs":["https:\/\/www.facebook.com\/Gr\u00fcnbein-Switzerland","https:\/\/www.instagram.com\/gruenbeinshoes\/"]}]}},"_links":{"self":[{"href":"https:\/\/gruenbein-shoes.com\/en\/wp-json\/wp\/v2\/pages\/36998","targetHints":{"allow":["GET"]}}],"collection":[{"href":"https:\/\/gruenbein-shoes.com\/en\/wp-json\/wp\/v2\/pages"}],"about":[{"href":"https:\/\/gruenbein-shoes.com\/en\/wp-json\/wp\/v2\/types\/page"}],"author":[{"embeddable":true,"href":"https:\/\/gruenbein-shoes.com\/en\/wp-json\/wp\/v2\/users\/1"}],"replies":[{"embeddable":true,"href":"https:\/\/gruenbein-shoes.com\/en\/wp-json\/wp\/v2\/comments?post=36998"}],"version-history":[{"count":12,"href":"https:\/\/gruenbein-shoes.com\/en\/wp-json\/wp\/v2\/pages\/36998\/revisions"}],"predecessor-version":[{"id":41334,"href":"https:\/\/gruenbein-shoes.com\/en\/wp-json\/wp\/v2\/pages\/36998\/revisions\/41334"}],"wp:attachment":[{"href":"https:\/\/gruenbein-shoes.com\/en\/wp-json\/wp\/v2\/media?parent=36998"}],"curies":[{"name":"wp","href":"https:\/\/api.w.org\/{rel}","templated":true}]}}