{"id":37033,"date":"2018-07-11T13:54:34","date_gmt":"2018-07-11T11:54:34","guid":{"rendered":"https:\/\/gruenbein-shoes.com\/gruenbein-mitte\/"},"modified":"2024-11-19T13:47:35","modified_gmt":"2024-11-19T12:47:35","slug":"gruenbein-mitte","status":"publish","type":"page","link":"https:\/\/gruenbein-shoes.com\/en\/gruenbein-mitte\/","title":{"rendered":"GR\u00dcNBEIN MITTE EN"},"content":{"rendered":"<p>[et_pb_section fb_built=&#8221;1&#8243; fullwidth=&#8221;on&#8221; _builder_version=&#8221;4.16&#8243; custom_padding=&#8221;0|0px|0px|0px|false|false&#8221; global_colors_info=&#8221;{}&#8221;][et_pb_fullwidth_map address=&#8221;Dircksenstr. 46, 10178 Berlin, Deutschland&#8221; address_lat=&#8221;52.52357321077622&#8243; address_lng=&#8221;13.404802867822468&#8243; mouse_wheel=&#8221;off&#8221; _builder_version=&#8221;4.16&#8243; global_colors_info=&#8221;{}&#8221;][et_pb_map_pin title=&#8221;GR\u00dcNBEIN SHOES BERLIN&#8221; pin_address=&#8221;Dircksenstra\u00dfe 46, 10178 Berlin, Deutschland&#8221; pin_address_lat=&#8221;52.52356489008205&#8243; pin_address_lng=&#8221;13.405268075085473&#8243; _builder_version=&#8221;3.5.1&#8243; global_colors_info=&#8221;{}&#8221;][\/et_pb_map_pin][\/et_pb_fullwidth_map][\/et_pb_section][et_pb_section fb_built=&#8221;1&#8243; custom_padding_last_edited=&#8221;on|phone&#8221; _builder_version=&#8221;4.16&#8243; custom_padding=&#8221;10px|0px|15px|0px|false|false&#8221; custom_padding_tablet=&#8221;0|0px|29px|0px|false|false&#8221; custom_padding_phone=&#8221;0px|0px|15px|0px&#8221; global_colors_info=&#8221;{}&#8221;][et_pb_row disabled_on=&#8221;on|on|on&#8221; _builder_version=&#8221;4.16&#8243; background_image=&#8221;https:\/\/gruenbein-shoes.com\/wp-content\/uploads\/2018\/07\/GRUENBEIN_MITTE_2.jpg&#8221; background_repeat=&#8221;repeat&#8221; custom_padding=&#8221;358px||30px||false|false&#8221; disabled=&#8221;on&#8221; global_colors_info=&#8221;{}&#8221;][et_pb_column type=&#8221;4_4&#8243; _builder_version=&#8221;4.16&#8243; custom_padding=&#8221;|||&#8221; global_colors_info=&#8221;{}&#8221; custom_padding__hover=&#8221;|||&#8221;][et_pb_text admin_label=&#8221;H2&#8243; _builder_version=&#8221;4.16&#8243; header_font_size=&#8221;38px&#8221; header_2_font=&#8221;|||on|||||&#8221; header_2_text_align=&#8221;justify&#8221; header_2_font_size=&#8221;38px&#8221; background_color=&#8221;rgba(255,255,255,0.85)&#8221; custom_margin=&#8221;|30px||400px&#8221; custom_padding=&#8221;20px|20px|10px|&#8221; animation_style=&#8221;fade&#8221; box_shadow_style=&#8221;preset3&#8243; saved_tabs=&#8221;all&#8221; global_colors_info=&#8221;{}&#8221;]<\/p>\n<h1 style=\"text-align: right;\">GR\u00dcNBEIN SHOP<br \/>\nIN BERLIN MITTE<\/h1>\n<p>[\/et_pb_text][\/et_pb_column][\/et_pb_row][et_pb_row column_structure=&#8221;3_4,1_4&#8243; custom_padding_last_edited=&#8221;on|tablet&#8221; disabled_on=&#8221;on|on|on&#8221; _builder_version=&#8221;4.16&#8243; background_size=&#8221;initial&#8221; background_position=&#8221;top_left&#8221; background_repeat=&#8221;repeat&#8221; custom_padding=&#8221;50px|50px|||false|false&#8221; custom_padding_tablet=&#8221;0px|0px|0px|&#8221; custom_padding_phone=&#8221;0px|0px||&#8221; disabled=&#8221;on&#8221; global_colors_info=&#8221;{}&#8221;][et_pb_column type=&#8221;3_4&#8243; _builder_version=&#8221;4.16&#8243; custom_padding=&#8221;|||&#8221; global_colors_info=&#8221;{}&#8221; custom_padding__hover=&#8221;|||&#8221;][et_pb_image src=&#8221;https:\/\/gruenbein-shoes.com\/wp-content\/uploads\/2018\/06\/GR\u00dcNBEIN-MITTE.jpg&#8221; alt=&#8221;GR\u00dcNBEIN MITTE&#8221; title_text=&#8221;GR\u00dcNBEIN MITTE&#8221; align_tablet=&#8221;center&#8221; align_phone=&#8221;&#8221; align_last_edited=&#8221;on|desktop&#8221; disabled_on=&#8221;on|on|&#8221; _builder_version=&#8221;4.16&#8243; custom_padding=&#8221;|20px||50px&#8221; global_colors_info=&#8221;{}&#8221;]&nbsp;<br \/>\n[\/et_pb_image][\/et_pb_column][et_pb_column type=&#8221;1_4&#8243; _builder_version=&#8221;4.16&#8243; custom_padding=&#8221;|||&#8221; global_colors_info=&#8221;{}&#8221; custom_padding__hover=&#8221;|||&#8221;][et_pb_image src=&#8221;https:\/\/gruenbein-shoes.com\/wp-content\/uploads\/2018\/06\/GR\u00dcNBEIN_logo_shop.png&#8221; alt=&#8221;GR\u00dcNBEIN SHOES BERLIN&#8221; title_text=&#8221;GR\u00dcNBEIN SHOES BERLIN&#8221; align_tablet=&#8221;center&#8221; align_phone=&#8221;&#8221; align_last_edited=&#8221;on|desktop&#8221; disabled_on=&#8221;on|on|&#8221; _builder_version=&#8221;4.16&#8243; animation_style=&#8221;fade&#8221; animation_duration=&#8221;500ms&#8221; use_border_color=&#8221;off&#8221; border_color=&#8221;#ffffff&#8221; border_style=&#8221;solid&#8221; animation=&#8221;fade_in&#8221; sticky=&#8221;off&#8221; global_colors_info=&#8221;{}&#8221;]&nbsp;<br \/>\n[\/et_pb_image][et_pb_post_title meta=&#8221;off&#8221; featured_image=&#8221;off&#8221; _builder_version=&#8221;4.16&#8243; title_font=&#8221;|||on|||||&#8221; background_color=&#8221;rgba(255,255,255,0)&#8221; parallax=&#8221;on&#8221; parallax_method=&#8221;off&#8221; custom_margin=&#8221;||0px|&#8221; custom_padding=&#8221;10px||0px|&#8221; custom_padding_tablet=&#8221;0px||0px|&#8221; custom_padding_phone=&#8221;0px||0px|&#8221; custom_padding_last_edited=&#8221;on|tablet&#8221; use_border_color=&#8221;off&#8221; global_colors_info=&#8221;{}&#8221;]&nbsp;<br \/>\n[\/et_pb_post_title][et_pb_text admin_label=&#8221;ADRESSE&#8221; _builder_version=&#8221;4.16&#8243; background_size=&#8221;initial&#8221; background_position=&#8221;top_left&#8221; background_repeat=&#8221;repeat&#8221; module_alignment=&#8221;left&#8221; custom_padding=&#8221;||30px|&#8221; custom_padding_tablet=&#8221;&#8221; custom_padding_phone=&#8221;||0px|&#8221; custom_padding_last_edited=&#8221;on|phone&#8221; border_style=&#8221;solid&#8221; global_colors_info=&#8221;{}&#8221;]<\/p>\n<p><span class=\"itemExtraFieldsValue\"><span class=\"itemExtraFieldsLabel\">Dircksenstr. 46<br \/>10178 Berlin<br \/><\/span>030 <span class=\"itemExtraFieldsLabel\">24 04 58 71<\/span><\/span><\/p>\n<p><span class=\"itemExtraFieldsLabel\"><a title=\"www.shoes-berlin.de\" href=\"http:\/\/shoes-berlin.de\" target=\"_blank\" rel=\"noopener noreferrer\">www.gruenbein-shoes.com<\/a><br \/><\/span><span class=\"itemExtraFieldsValue\">Mo &amp; Sat 11 am \u2013 7 pm <br \/>Tue \u2013 Fri 12 pm \u2013 7 pm<\/span><\/p>\n<p>[\/et_pb_text][et_pb_button button_url=&#8221;\/en\/gruenbein-prenzlauer-berg\/&#8221; button_text=&#8221;GR\u00dcNBEIN PRENZLAUER BERG&#8221; button_alignment=&#8221;center&#8221; disabled_on=&#8221;on|on|&#8221; _builder_version=&#8221;4.16&#8243; custom_button=&#8221;on&#8221; button_text_color=&#8221;#666666&#8243; button_bg_color=&#8221;#ffffff&#8221; button_border_color=&#8221;#666666&#8243; button_font=&#8221;|||on|||||&#8221; custom_css_main_element=&#8221;width: 100%;&#8221; box_shadow_style=&#8221;preset3&#8243; button_text_color_hover=&#8221;#ffffff&#8221; button_border_color_hover=&#8221;#666666&#8243; button_border_radius_hover=&#8221;0&#8243; button_bg_color_hover=&#8221;#666666&#8243; saved_tabs=&#8221;all&#8221; global_colors_info=&#8221;{}&#8221; button_text_size__hover_enabled=&#8221;off&#8221; button_one_text_size__hover_enabled=&#8221;off&#8221; button_two_text_size__hover_enabled=&#8221;off&#8221; button_text_color__hover_enabled=&#8221;on&#8221; button_text_color__hover=&#8221;#ffffff&#8221; button_one_text_color__hover_enabled=&#8221;off&#8221; button_two_text_color__hover_enabled=&#8221;off&#8221; button_border_width__hover_enabled=&#8221;off&#8221; button_one_border_width__hover_enabled=&#8221;off&#8221; button_two_border_width__hover_enabled=&#8221;off&#8221; button_border_color__hover_enabled=&#8221;on&#8221; button_border_color__hover=&#8221;#666666&#8243; button_one_border_color__hover_enabled=&#8221;off&#8221; button_two_border_color__hover_enabled=&#8221;off&#8221; button_border_radius__hover_enabled=&#8221;on&#8221; button_border_radius__hover=&#8221;0&#8243; button_one_border_radius__hover_enabled=&#8221;off&#8221; button_two_border_radius__hover_enabled=&#8221;off&#8221; button_letter_spacing__hover_enabled=&#8221;off&#8221; button_one_letter_spacing__hover_enabled=&#8221;off&#8221; button_two_letter_spacing__hover_enabled=&#8221;off&#8221; button_bg_color__hover_enabled=&#8221;on&#8221; button_bg_color__hover=&#8221;#666666&#8243; button_one_bg_color__hover_enabled=&#8221;off&#8221; button_two_bg_color__hover_enabled=&#8221;off&#8221;]&nbsp;<br \/>\n[\/et_pb_button][\/et_pb_column][\/et_pb_row][et_pb_row _builder_version=&#8221;4.16&#8243; global_colors_info=&#8221;{}&#8221;][et_pb_column type=&#8221;4_4&#8243; _builder_version=&#8221;4.16&#8243; global_colors_info=&#8221;{}&#8221;][et_pb_image src=&#8221;https:\/\/gruenbein-shoes.com\/wp-content\/uploads\/2019\/10\/GR\u00dcNBEIN_logo_rot.png&#8221; alt=&#8221;GR\u00dcNBEIN SHOES BERLIN&#8221; title_text=&#8221;GR\u00dcNBEIN SHOES BERLIN&#8221; align_tablet=&#8221;center&#8221; align_phone=&#8221;&#8221; align_last_edited=&#8221;on|desktop&#8221; disabled_on=&#8221;off|off|off&#8221; _builder_version=&#8221;4.16&#8243; width=&#8221;16%&#8221; max_width=&#8221;16%&#8221; custom_margin=&#8221;|||-7px|false|false&#8221; custom_margin_tablet=&#8221;&#8221; custom_margin_phone=&#8221;30px||||false|false&#8221; custom_margin_last_edited=&#8221;on|phone&#8221; animation_style=&#8221;fade&#8221; animation_duration=&#8221;500ms&#8221; use_border_color=&#8221;off&#8221; border_color=&#8221;#ffffff&#8221; border_style=&#8221;solid&#8221; animation=&#8221;fade_in&#8221; sticky=&#8221;off&#8221; global_colors_info=&#8221;{}&#8221;]&nbsp;<br \/>\n[\/et_pb_image][et_pb_text _builder_version=&#8221;4.16&#8243; global_colors_info=&#8221;{}&#8221;]<\/p>\n<p>Visitors are instantly surprised by the brilliant variety upon entering the shop <strong>between Alexanderplatz and Hackescher Markt<\/strong>. Surrounded by warm colours and a functional interior design, which puts the shoes in the foreground, the shop presents a wide selection of shoes, boots, bootees and sneakers, highly comfortable and moderately priced. Another speciality of the Gr\u00fcnbein brand: The makers set great value upon a sustainable production. The shoes are crafted in small manufactures in Europe, especially in Portugal and Italy.<\/p>\n<p>[\/et_pb_text][\/et_pb_column][\/et_pb_row][et_pb_row column_structure=&#8221;1_2,1_2&#8243; custom_padding_last_edited=&#8221;on|tablet&#8221; _builder_version=&#8221;4.16&#8243; background_size=&#8221;initial&#8221; background_position=&#8221;top_left&#8221; background_repeat=&#8221;repeat&#8221; custom_padding=&#8221;0px|50px|||false|false&#8221; custom_padding_tablet=&#8221;0px|0px|0px|&#8221; custom_padding_phone=&#8221;0px|0px||&#8221; global_colors_info=&#8221;{}&#8221;][et_pb_column type=&#8221;1_2&#8243; _builder_version=&#8221;4.16&#8243; custom_padding=&#8221;|||&#8221; global_colors_info=&#8221;{}&#8221; custom_padding__hover=&#8221;|||&#8221;][et_pb_post_title title=&#8221;off&#8221; meta=&#8221;off&#8221; featured_image=&#8221;off&#8221; _builder_version=&#8221;4.16&#8243; title_font=&#8221;|||on|||||&#8221; background_color=&#8221;rgba(255,255,255,0)&#8221; parallax=&#8221;on&#8221; parallax_method=&#8221;off&#8221; custom_margin=&#8221;0px||0px||false|false&#8221; custom_margin_tablet=&#8221;&#8221; custom_margin_phone=&#8221;22px||||false|false&#8221; custom_margin_last_edited=&#8221;on|phone&#8221; custom_padding=&#8221;10px||0px|&#8221; custom_padding_tablet=&#8221;0px||0px|&#8221; custom_padding_phone=&#8221;0px||0px|&#8221; custom_padding_last_edited=&#8221;on|tablet&#8221; use_border_color=&#8221;off&#8221; global_colors_info=&#8221;{}&#8221;]&nbsp;<br \/>\n[\/et_pb_post_title][et_pb_text admin_label=&#8221;ADRESSE&#8221; _builder_version=&#8221;4.27.3&#8243; background_size=&#8221;initial&#8221; background_position=&#8221;top_left&#8221; background_repeat=&#8221;repeat&#8221; module_alignment=&#8221;left&#8221; custom_padding=&#8221;||30px|&#8221; custom_padding_tablet=&#8221;&#8221; custom_padding_phone=&#8221;||0px|&#8221; custom_padding_last_edited=&#8221;on|phone&#8221; hover_enabled=&#8221;0&#8243; border_style=&#8221;solid&#8221; global_colors_info=&#8221;{}&#8221; sticky_enabled=&#8221;0&#8243;]<\/p>\n<h2>GR\u00dcNBEIN MITTE<\/h2>\n<p>Dircksenstr. 46, 10178 Berlin<br \/>030 24 04 58 71<br \/><strong>New opening hours<\/strong> (until further notice):<a title=\"www.shoes-berlin.de\" href=\"http:\/\/shoes-berlin.de\" target=\"_blank\" rel=\"noopener noreferrer\"><\/a><br \/>Mo &#8211; Do 11 am \u2013 7 pm, Fr &amp; Sat 11 pm \u2013 7:30 pm<\/p>\n<p>[\/et_pb_text][et_pb_button button_url=&#8221;https:\/\/gruenbein-shoes.com\/call-and-meet\/&#8221; button_text=&#8221;CALL &#038; MEET&#8221; _builder_version=&#8221;4.16&#8243; _module_preset=&#8221;default&#8221; custom_button=&#8221;on&#8221; button_text_size=&#8221;16px&#8221; button_text_color=&#8221;#FFFFFF&#8221; button_font=&#8221;|||on|||||&#8221; box_shadow_style=&#8221;preset3&#8243; locked=&#8221;off&#8221; global_colors_info=&#8221;{}&#8221;][\/et_pb_button][et_pb_button button_url=&#8221;https:\/\/gruenbein-shoes.com\/en\/gruenbein-schoeneberg\/&#8221; button_text=&#8221;GR\u00dcNBEIN SCH\u00d6NEBERG&#8221; button_alignment=&#8221;center&#8221; disabled_on=&#8221;on|on|&#8221; _builder_version=&#8221;4.27.0&#8243; custom_button=&#8221;on&#8221; button_text_color=&#8221;#666666&#8243; button_bg_color=&#8221;#ffffff&#8221; button_border_color=&#8221;#666666&#8243; button_font=&#8221;|||on|||||&#8221; custom_css_main_element=&#8221;width: 100%;&#8221; box_shadow_style=&#8221;preset3&#8243; button_text_color_hover=&#8221;#ffffff&#8221; button_border_color_hover=&#8221;#666666&#8243; button_border_radius_hover=&#8221;0&#8243; button_bg_color_hover=&#8221;#666666&#8243; saved_tabs=&#8221;all&#8221; global_colors_info=&#8221;{}&#8221; button_text_size__hover_enabled=&#8221;off&#8221; button_one_text_size__hover_enabled=&#8221;off&#8221; button_two_text_size__hover_enabled=&#8221;off&#8221; button_text_color__hover_enabled=&#8221;on&#8221; button_text_color__hover=&#8221;#ffffff&#8221; button_one_text_color__hover_enabled=&#8221;off&#8221; button_two_text_color__hover_enabled=&#8221;off&#8221; button_border_width__hover_enabled=&#8221;off&#8221; button_one_border_width__hover_enabled=&#8221;off&#8221; button_two_border_width__hover_enabled=&#8221;off&#8221; button_border_color__hover_enabled=&#8221;on&#8221; button_border_color__hover=&#8221;#666666&#8243; button_one_border_color__hover_enabled=&#8221;off&#8221; button_two_border_color__hover_enabled=&#8221;off&#8221; button_border_radius__hover_enabled=&#8221;on&#8221; button_border_radius__hover=&#8221;0&#8243; button_one_border_radius__hover_enabled=&#8221;off&#8221; button_two_border_radius__hover_enabled=&#8221;off&#8221; button_letter_spacing__hover_enabled=&#8221;off&#8221; button_one_letter_spacing__hover_enabled=&#8221;off&#8221; button_two_letter_spacing__hover_enabled=&#8221;off&#8221; button_bg_color__hover_enabled=&#8221;on&#8221; button_bg_color__hover=&#8221;#666666&#8243; button_one_bg_color__hover_enabled=&#8221;off&#8221; button_two_bg_color__hover_enabled=&#8221;off&#8221;]&nbsp;<br \/>\n[\/et_pb_button][\/et_pb_column][et_pb_column type=&#8221;1_2&#8243; _builder_version=&#8221;4.16&#8243; global_colors_info=&#8221;{}&#8221;][\/et_pb_column][\/et_pb_row][et_pb_row custom_padding_last_edited=&#8221;on|tablet&#8221; disabled_on=&#8221;on|on|on&#8221; _builder_version=&#8221;4.16&#8243; custom_padding=&#8221;|50px|37px|50px|false|false&#8221; custom_padding_tablet=&#8221;0|0px|0px|0px|false|false&#8221; custom_padding_phone=&#8221;&#8221; disabled=&#8221;on&#8221; global_colors_info=&#8221;{}&#8221;][et_pb_column type=&#8221;4_4&#8243; _builder_version=&#8221;4.16&#8243; custom_padding=&#8221;|||&#8221; global_colors_info=&#8221;{}&#8221; custom_padding__hover=&#8221;|||&#8221;][et_pb_image src=&#8221;https:\/\/gruenbein-shoes.com\/wp-content\/uploads\/2018\/06\/GR\u00dcNBEIN-MITTE.jpg&#8221; alt=&#8221;GR\u00dcNBEIN MITTE&#8221; title_text=&#8221;GR\u00dcNBEIN MITTE&#8221; show_in_lightbox=&#8221;on&#8221; align=&#8221;center&#8221; align_tablet=&#8221;center&#8221; align_phone=&#8221;&#8221; align_last_edited=&#8221;on|desktop&#8221; disabled_on=&#8221;|on|on&#8221; admin_label=&#8221;Bild MOBILE&#8221; _builder_version=&#8221;4.16&#8243; custom_padding=&#8221;|20px||50px&#8221; custom_padding_tablet=&#8221;|0px||0px&#8221; custom_padding_phone=&#8221;&#8221; custom_padding_last_edited=&#8221;on|tablet&#8221; global_colors_info=&#8221;{}&#8221;]&nbsp;<br \/>\n[\/et_pb_image][et_pb_text _builder_version=&#8221;4.16&#8243; global_colors_info=&#8221;{}&#8221;]<\/p>\n<p>Visitors are instantly surprised by the brilliant variety upon entering the shop <strong>between Alexanderplatz and Hackescher Markt<\/strong>. Surrounded by warm colours and a functional interior design, which puts the shoes in the foreground, the shop presents a wide selection of shoes, boots, bootees and sneakers, highly comfortable and moderately priced. Another speciality of the Gr\u00fcnbein brand: The makers set great value upon a sustainable production. The shoes are crafted in small manufactures in Europe, especially in Portugal and Italy.<\/p>\n<p>[\/et_pb_text][\/et_pb_column][\/et_pb_row][\/et_pb_section]<\/p>\n","protected":false},"excerpt":{"rendered":"<p>GR\u00dcNBEIN SHOP IN BERLIN MITTE &nbsp; &nbsp; &nbsp; Dircksenstr. 4610178 Berlin030 24 04 58 71 www.gruenbein-shoes.comMo &amp; Sat 11 am \u2013 7 pm Tue \u2013 Fri 12 pm \u2013 7 pm&nbsp; &nbsp; Visitors are instantly surprised by the brilliant variety upon entering the shop between Alexanderplatz and Hackescher Markt. Surrounded by warm colours and a [&hellip;]<\/p>\n","protected":false},"author":1,"featured_media":0,"parent":0,"menu_order":0,"comment_status":"closed","ping_status":"closed","template":"","meta":{"_et_pb_use_builder":"on","_et_pb_old_content":"","_et_gb_content_width":"","_monsterinsights_skip_tracking":false,"_monsterinsights_sitenote_active":false,"_monsterinsights_sitenote_note":"","_monsterinsights_sitenote_category":0,"footnotes":""},"class_list":["post-37033","page","type-page","status-publish","hentry"],"yoast_head":"<!-- This site is optimized with the Yoast SEO plugin v27.4 - https:\/\/yoast.com\/product\/yoast-seo-wordpress\/ -->\n<title>GR\u00dcNBEIN MITTE EN - Gr\u00fcnbein<\/title>\n<meta name=\"description\" content=\"GR\u00dcNBEIN MITTE: Visitors are instantly surprised by the brilliant variety upon entering the shop between Alexanderplatz and Hackescher Markt\" \/>\n<meta name=\"robots\" content=\"index, follow, max-snippet:-1, max-image-preview:large, max-video-preview:-1\" \/>\n<link rel=\"canonical\" href=\"https:\/\/gruenbein-shoes.com\/en\/gruenbein-mitte\/\" \/>\n<meta property=\"og:locale\" content=\"en_US\" \/>\n<meta property=\"og:type\" content=\"article\" \/>\n<meta property=\"og:title\" content=\"GR\u00dcNBEIN MITTE EN - Gr\u00fcnbein\" \/>\n<meta property=\"og:description\" content=\"GR\u00dcNBEIN MITTE: Visitors are instantly surprised by the brilliant variety upon entering the shop between Alexanderplatz and Hackescher Markt\" \/>\n<meta property=\"og:url\" content=\"https:\/\/gruenbein-shoes.com\/en\/gruenbein-mitte\/\" \/>\n<meta property=\"og:site_name\" content=\"Gr\u00fcnbein\" \/>\n<meta property=\"article:publisher\" content=\"https:\/\/www.facebook.com\/Gr%c3%bcnbein-Switzerland\" \/>\n<meta property=\"article:modified_time\" content=\"2024-11-19T12:47:35+00:00\" \/>\n<meta property=\"og:image\" content=\"https:\/\/gruenbein-shoes.com\/wp-content\/uploads\/2018\/06\/UEBER_GRUENBEIN.jpg\" \/>\n\t<meta property=\"og:image:width\" content=\"1000\" \/>\n\t<meta property=\"og:image:height\" content=\"704\" \/>\n\t<meta property=\"og:image:type\" content=\"image\/jpeg\" \/>\n<meta name=\"twitter:card\" content=\"summary_large_image\" \/>\n<meta name=\"twitter:label1\" content=\"Est. reading time\" \/>\n\t<meta name=\"twitter:data1\" content=\"1 minute\" \/>\n<script type=\"application\/ld+json\" class=\"yoast-schema-graph\">{\"@context\":\"https:\\\/\\\/schema.org\",\"@graph\":[{\"@type\":\"WebPage\",\"@id\":\"https:\\\/\\\/gruenbein-shoes.com\\\/en\\\/gruenbein-mitte\\\/\",\"url\":\"https:\\\/\\\/gruenbein-shoes.com\\\/en\\\/gruenbein-mitte\\\/\",\"name\":\"GR\u00dcNBEIN MITTE EN - Gr\u00fcnbein\",\"isPartOf\":{\"@id\":\"https:\\\/\\\/gruenbein-shoes.com\\\/en\\\/#website\"},\"datePublished\":\"2018-07-11T11:54:34+00:00\",\"dateModified\":\"2024-11-19T12:47:35+00:00\",\"description\":\"GR\u00dcNBEIN MITTE: Visitors are instantly surprised by the brilliant variety upon entering the shop between Alexanderplatz and Hackescher Markt\",\"breadcrumb\":{\"@id\":\"https:\\\/\\\/gruenbein-shoes.com\\\/en\\\/gruenbein-mitte\\\/#breadcrumb\"},\"inLanguage\":\"en-US\",\"potentialAction\":[{\"@type\":\"ReadAction\",\"target\":[\"https:\\\/\\\/gruenbein-shoes.com\\\/en\\\/gruenbein-mitte\\\/\"]}]},{\"@type\":\"BreadcrumbList\",\"@id\":\"https:\\\/\\\/gruenbein-shoes.com\\\/en\\\/gruenbein-mitte\\\/#breadcrumb\",\"itemListElement\":[{\"@type\":\"ListItem\",\"position\":1,\"name\":\"Startseite\",\"item\":\"https:\\\/\\\/gruenbein-shoes.com\\\/en\\\/\"},{\"@type\":\"ListItem\",\"position\":2,\"name\":\"GR\u00dcNBEIN MITTE EN\"}]},{\"@type\":\"WebSite\",\"@id\":\"https:\\\/\\\/gruenbein-shoes.com\\\/en\\\/#website\",\"url\":\"https:\\\/\\\/gruenbein-shoes.com\\\/en\\\/\",\"name\":\"Gr\u00fcnbein\",\"description\":\"Hochwertig, modisch, komfortabel: Entdecken Sie die aktuellen Schuhkollektionen f\u00fcr Damen und Herren\",\"publisher\":{\"@id\":\"https:\\\/\\\/gruenbein-shoes.com\\\/en\\\/#organization\"},\"potentialAction\":[{\"@type\":\"SearchAction\",\"target\":{\"@type\":\"EntryPoint\",\"urlTemplate\":\"https:\\\/\\\/gruenbein-shoes.com\\\/en\\\/?s={search_term_string}\"},\"query-input\":{\"@type\":\"PropertyValueSpecification\",\"valueRequired\":true,\"valueName\":\"search_term_string\"}}],\"inLanguage\":\"en-US\"},{\"@type\":\"Organization\",\"@id\":\"https:\\\/\\\/gruenbein-shoes.com\\\/en\\\/#organization\",\"name\":\"GR\u00dcNBEIN Switzerland\",\"url\":\"https:\\\/\\\/gruenbein-shoes.com\\\/en\\\/\",\"logo\":{\"@type\":\"ImageObject\",\"inLanguage\":\"en-US\",\"@id\":\"https:\\\/\\\/gruenbein-shoes.com\\\/en\\\/#\\\/schema\\\/logo\\\/image\\\/\",\"url\":\"\",\"contentUrl\":\"\",\"caption\":\"GR\u00dcNBEIN Switzerland\"},\"image\":{\"@id\":\"https:\\\/\\\/gruenbein-shoes.com\\\/en\\\/#\\\/schema\\\/logo\\\/image\\\/\"},\"sameAs\":[\"https:\\\/\\\/www.facebook.com\\\/Gr\u00fcnbein-Switzerland\",\"https:\\\/\\\/www.instagram.com\\\/gruenbeinshoes\\\/\"]}]}<\/script>\n<!-- \/ Yoast SEO plugin. -->","yoast_head_json":{"title":"GR\u00dcNBEIN MITTE EN - Gr\u00fcnbein","description":"GR\u00dcNBEIN MITTE: Visitors are instantly surprised by the brilliant variety upon entering the shop between Alexanderplatz and Hackescher Markt","robots":{"index":"index","follow":"follow","max-snippet":"max-snippet:-1","max-image-preview":"max-image-preview:large","max-video-preview":"max-video-preview:-1"},"canonical":"https:\/\/gruenbein-shoes.com\/en\/gruenbein-mitte\/","og_locale":"en_US","og_type":"article","og_title":"GR\u00dcNBEIN MITTE EN - Gr\u00fcnbein","og_description":"GR\u00dcNBEIN MITTE: Visitors are instantly surprised by the brilliant variety upon entering the shop between Alexanderplatz and Hackescher Markt","og_url":"https:\/\/gruenbein-shoes.com\/en\/gruenbein-mitte\/","og_site_name":"Gr\u00fcnbein","article_publisher":"https:\/\/www.facebook.com\/Gr%c3%bcnbein-Switzerland","article_modified_time":"2024-11-19T12:47:35+00:00","og_image":[{"width":1000,"height":704,"url":"https:\/\/gruenbein-shoes.com\/wp-content\/uploads\/2018\/06\/UEBER_GRUENBEIN.jpg","type":"image\/jpeg"}],"twitter_card":"summary_large_image","twitter_misc":{"Est. reading time":"1 minute"},"schema":{"@context":"https:\/\/schema.org","@graph":[{"@type":"WebPage","@id":"https:\/\/gruenbein-shoes.com\/en\/gruenbein-mitte\/","url":"https:\/\/gruenbein-shoes.com\/en\/gruenbein-mitte\/","name":"GR\u00dcNBEIN MITTE EN - Gr\u00fcnbein","isPartOf":{"@id":"https:\/\/gruenbein-shoes.com\/en\/#website"},"datePublished":"2018-07-11T11:54:34+00:00","dateModified":"2024-11-19T12:47:35+00:00","description":"GR\u00dcNBEIN MITTE: Visitors are instantly surprised by the brilliant variety upon entering the shop between Alexanderplatz and Hackescher Markt","breadcrumb":{"@id":"https:\/\/gruenbein-shoes.com\/en\/gruenbein-mitte\/#breadcrumb"},"inLanguage":"en-US","potentialAction":[{"@type":"ReadAction","target":["https:\/\/gruenbein-shoes.com\/en\/gruenbein-mitte\/"]}]},{"@type":"BreadcrumbList","@id":"https:\/\/gruenbein-shoes.com\/en\/gruenbein-mitte\/#breadcrumb","itemListElement":[{"@type":"ListItem","position":1,"name":"Startseite","item":"https:\/\/gruenbein-shoes.com\/en\/"},{"@type":"ListItem","position":2,"name":"GR\u00dcNBEIN MITTE EN"}]},{"@type":"WebSite","@id":"https:\/\/gruenbein-shoes.com\/en\/#website","url":"https:\/\/gruenbein-shoes.com\/en\/","name":"Gr\u00fcnbein","description":"Hochwertig, modisch, komfortabel: Entdecken Sie die aktuellen Schuhkollektionen f\u00fcr Damen und Herren","publisher":{"@id":"https:\/\/gruenbein-shoes.com\/en\/#organization"},"potentialAction":[{"@type":"SearchAction","target":{"@type":"EntryPoint","urlTemplate":"https:\/\/gruenbein-shoes.com\/en\/?s={search_term_string}"},"query-input":{"@type":"PropertyValueSpecification","valueRequired":true,"valueName":"search_term_string"}}],"inLanguage":"en-US"},{"@type":"Organization","@id":"https:\/\/gruenbein-shoes.com\/en\/#organization","name":"GR\u00dcNBEIN Switzerland","url":"https:\/\/gruenbein-shoes.com\/en\/","logo":{"@type":"ImageObject","inLanguage":"en-US","@id":"https:\/\/gruenbein-shoes.com\/en\/#\/schema\/logo\/image\/","url":"","contentUrl":"","caption":"GR\u00dcNBEIN Switzerland"},"image":{"@id":"https:\/\/gruenbein-shoes.com\/en\/#\/schema\/logo\/image\/"},"sameAs":["https:\/\/www.facebook.com\/Gr\u00fcnbein-Switzerland","https:\/\/www.instagram.com\/gruenbeinshoes\/"]}]}},"_links":{"self":[{"href":"https:\/\/gruenbein-shoes.com\/en\/wp-json\/wp\/v2\/pages\/37033","targetHints":{"allow":["GET"]}}],"collection":[{"href":"https:\/\/gruenbein-shoes.com\/en\/wp-json\/wp\/v2\/pages"}],"about":[{"href":"https:\/\/gruenbein-shoes.com\/en\/wp-json\/wp\/v2\/types\/page"}],"author":[{"embeddable":true,"href":"https:\/\/gruenbein-shoes.com\/en\/wp-json\/wp\/v2\/users\/1"}],"replies":[{"embeddable":true,"href":"https:\/\/gruenbein-shoes.com\/en\/wp-json\/wp\/v2\/comments?post=37033"}],"version-history":[{"count":18,"href":"https:\/\/gruenbein-shoes.com\/en\/wp-json\/wp\/v2\/pages\/37033\/revisions"}],"predecessor-version":[{"id":41392,"href":"https:\/\/gruenbein-shoes.com\/en\/wp-json\/wp\/v2\/pages\/37033\/revisions\/41392"}],"wp:attachment":[{"href":"https:\/\/gruenbein-shoes.com\/en\/wp-json\/wp\/v2\/media?parent=37033"}],"curies":[{"name":"wp","href":"https:\/\/api.w.org\/{rel}","templated":true}]}}