{"id":37040,"date":"2018-07-11T14:55:11","date_gmt":"2018-07-11T12:55:11","guid":{"rendered":"https:\/\/gruenbein-shoes.com\/gruenbein-prenzlauer-berg\/"},"modified":"2024-09-26T13:40:22","modified_gmt":"2024-09-26T11:40:22","slug":"gruenbein-schoeneberg","status":"publish","type":"page","link":"https:\/\/gruenbein-shoes.com\/en\/gruenbein-schoeneberg\/","title":{"rendered":"GR\u00dcNBEIN\u00ad\u00ad SCH\u00d6NEBERG EN"},"content":{"rendered":"<p>[et_pb_section fb_built=&#8221;1&#8243; fullwidth=&#8221;on&#8221; _builder_version=&#8221;4.16&#8243; custom_padding=&#8221;0|0px|0px|0px|false|false&#8221; global_colors_info=&#8221;{}&#8221; locked=&#8221;off&#8221;][et_pb_fullwidth_map address=&#8221;Akazienstra\u00dfe 18, 10823 Berlin, Deutschland&#8221; address_lat=&#8221;52.4895639&#8243; address_lng=&#8221;13.3535443&#8243; mouse_wheel=&#8221;off&#8221; _builder_version=&#8221;4.27.0&#8243; hover_enabled=&#8221;0&#8243; global_colors_info=&#8221;{}&#8221; sticky_enabled=&#8221;0&#8243;][et_pb_map_pin title=&#8221;GR\u00dcNBEIN SHOES BERLIN&#8221; pin_address=&#8221;Akazienstra\u00dfe 18, 10823 Berlin, Deutschland&#8221; pin_address_lat=&#8221;52.4895639&#8243; pin_address_lng=&#8221;13.3535443&#8243; _builder_version=&#8221;4.27.0&#8243; global_colors_info=&#8221;{}&#8221; hover_enabled=&#8221;0&#8243; sticky_enabled=&#8221;0&#8243;][\/et_pb_map_pin][\/et_pb_fullwidth_map][\/et_pb_section][et_pb_section fb_built=&#8221;1&#8243; custom_padding_last_edited=&#8221;on|phone&#8221; _builder_version=&#8221;4.16&#8243; custom_padding=&#8221;10px|0px|15px|0px|false|false&#8221; custom_padding_tablet=&#8221;0|0px|15px|0px|false|false&#8221; custom_padding_phone=&#8221;0px|0px|15px|0px&#8221; global_colors_info=&#8221;{}&#8221; locked=&#8221;off&#8221;][et_pb_row _builder_version=&#8221;4.16&#8243; global_colors_info=&#8221;{}&#8221;][et_pb_column type=&#8221;4_4&#8243; _builder_version=&#8221;4.16&#8243; global_colors_info=&#8221;{}&#8221;][et_pb_image src=&#8221;https:\/\/gruenbein-shoes.com\/wp-content\/uploads\/2019\/10\/GR\u00dcNBEIN_logo_rot.png&#8221; alt=&#8221;GR\u00dcNBEIN SHOES BERLIN&#8221; title_text=&#8221;GR\u00dcNBEIN SHOES BERLIN&#8221; align_tablet=&#8221;center&#8221; align_phone=&#8221;&#8221; align_last_edited=&#8221;on|desktop&#8221; disabled_on=&#8221;off|off|off&#8221; _builder_version=&#8221;4.27.0&#8243; width=&#8221;16%&#8221; max_width=&#8221;16%&#8221; custom_margin=&#8221;|||-8px||&#8221; custom_margin_tablet=&#8221;&#8221; custom_margin_phone=&#8221;30px||||false|false&#8221; custom_margin_last_edited=&#8221;on|phone&#8221; animation_style=&#8221;fade&#8221; animation_duration=&#8221;500ms&#8221; hover_enabled=&#8221;0&#8243; use_border_color=&#8221;off&#8221; border_color=&#8221;#ffffff&#8221; border_style=&#8221;solid&#8221; animation=&#8221;fade_in&#8221; sticky=&#8221;off&#8221; global_colors_info=&#8221;{}&#8221; sticky_enabled=&#8221;0&#8243;]&nbsp;<br \/>\n[\/et_pb_image][et_pb_text _builder_version=&#8221;4.27.0&#8243; hover_enabled=&#8221;0&#8243; global_colors_info=&#8221;{}&#8221; sticky_enabled=&#8221;0&#8243; disabled_on=&#8221;on|on|on&#8221; disabled=&#8221;on&#8221;]<\/p>\n<p>Beim Betreten des Shops in der <strong>Kastanienallee im Prenzlauer Berg<\/strong> empf\u00e4ngt die Besucher eine farbenfrohe Vielfalt: Inmitten von warmen T\u00f6nen und einer funktionalen Ausstattung, die den Schuh ganz in den Mittelpunkt stellt, wird hier eine gro\u00dfe Auswahl an Schuhen, Stiefeletten, Boots und Sneaker mit viel Komfort und zu moderaten Preisen angeboten. Eine weitere Spezialit\u00e4t der Marke Gr\u00fcnbein: Die Macher legen viel Wert auf eine nachhaltige Produktion. Gefertigt werden die Schuhe in kleinen Manufakturen in Europa, vor allem in Portugal und Italien.<\/p>\n<p>[\/et_pb_text][\/et_pb_column][\/et_pb_row][et_pb_row column_structure=&#8221;1_2,1_2&#8243; custom_padding_last_edited=&#8221;on|tablet&#8221; _builder_version=&#8221;4.16&#8243; background_size=&#8221;initial&#8221; background_position=&#8221;top_left&#8221; background_repeat=&#8221;repeat&#8221; custom_padding=&#8221;0px|50px|||false|false&#8221; custom_padding_tablet=&#8221;0px|0px|0|0px|false|false&#8221; custom_padding_phone=&#8221;0px|0px||&#8221; global_colors_info=&#8221;{}&#8221;][et_pb_column type=&#8221;1_2&#8243; _builder_version=&#8221;4.16&#8243; custom_padding=&#8221;|||&#8221; global_colors_info=&#8221;{}&#8221; custom_padding__hover=&#8221;|||&#8221;][et_pb_post_title meta=&#8221;off&#8221; featured_image=&#8221;off&#8221; _builder_version=&#8221;4.16&#8243; title_font=&#8221;|||on|||||&#8221; background_color=&#8221;rgba(255,255,255,0)&#8221; parallax=&#8221;on&#8221; custom_margin=&#8221;||0px|&#8221; custom_margin_tablet=&#8221;&#8221; custom_margin_phone=&#8221;22px||||false|false&#8221; custom_margin_last_edited=&#8221;on|desktop&#8221; custom_padding=&#8221;10px||0px|&#8221; custom_padding_tablet=&#8221;0px||0px|&#8221; custom_padding_phone=&#8221;0px||0px|&#8221; custom_padding_last_edited=&#8221;on|tablet&#8221; hover_enabled=&#8221;0&#8243; use_border_color=&#8221;off&#8221; global_colors_info=&#8221;{}&#8221; sticky_enabled=&#8221;0&#8243;]&nbsp;<br \/>\n[\/et_pb_post_title][et_pb_text admin_label=&#8221;ADRESSE&#8221; _builder_version=&#8221;4.27.0&#8243; background_size=&#8221;initial&#8221; background_position=&#8221;top_left&#8221; background_repeat=&#8221;repeat&#8221; module_alignment=&#8221;left&#8221; custom_padding=&#8221;||30px|&#8221; custom_padding_tablet=&#8221;&#8221; custom_padding_phone=&#8221;||0px|&#8221; custom_padding_last_edited=&#8221;on|phone&#8221; hover_enabled=&#8221;0&#8243; border_style=&#8221;solid&#8221; global_colors_info=&#8221;{}&#8221; sticky_enabled=&#8221;0&#8243;]<\/p>\n<p><span class=\"itemExtraFieldsValue\"><span class=\"itemExtraFieldsLabel\">Akazienstra\u00dfe 18, 10823 Berlin<br \/><a href=\"tel:03078953850\" target=\"_blank\" rel=\"noopener\">030 78 95 38 50<\/a><br \/><\/span><\/span><\/p>\n<p><span class=\"itemExtraFieldsValue\"><strong>Opening hours:<\/strong><br \/><\/span><\/p>\n<p>[\/et_pb_text][et_pb_button button_url=&#8221;https:\/\/gruenbein-shoes.com\/call-and-meet\/&#8221; button_text=&#8221;CALL &#038; MEET&#8221; disabled_on=&#8221;on|on|on&#8221; _builder_version=&#8221;4.16&#8243; _module_preset=&#8221;default&#8221; custom_button=&#8221;on&#8221; button_text_size=&#8221;16px&#8221; button_text_color=&#8221;#FFFFFF&#8221; button_font=&#8221;|||on|||||&#8221; box_shadow_style=&#8221;preset3&#8243; disabled=&#8221;on&#8221; locked=&#8221;off&#8221; global_colors_info=&#8221;{}&#8221;][\/et_pb_button][et_pb_button button_url=&#8221;\/gruenbein-mitte\/&#8221; button_text=&#8221;GR\u00dcNBEIN IN BERLIN-MITTE&#8221; button_alignment=&#8221;center&#8221; disabled_on=&#8221;on|on|&#8221; _builder_version=&#8221;4.27.0&#8243; custom_button=&#8221;on&#8221; button_text_color=&#8221;#666666&#8243; button_bg_color=&#8221;#ffffff&#8221; button_border_color=&#8221;#666666&#8243; button_font=&#8221;|||on|||||&#8221; hover_enabled=&#8221;0&#8243; custom_css_main_element=&#8221;width: 100%;&#8221; box_shadow_style=&#8221;preset3&#8243; button_text_color_hover=&#8221;#ffffff&#8221; button_border_color_hover=&#8221;#666666&#8243; button_border_radius_hover=&#8221;0&#8243; button_bg_color_hover=&#8221;#666666&#8243; saved_tabs=&#8221;all&#8221; global_colors_info=&#8221;{}&#8221; button_text_size__hover_enabled=&#8221;off&#8221; button_one_text_size__hover_enabled=&#8221;off&#8221; button_two_text_size__hover_enabled=&#8221;off&#8221; button_text_color__hover_enabled=&#8221;on&#8221; button_text_color__hover=&#8221;#ffffff&#8221; button_one_text_color__hover_enabled=&#8221;off&#8221; button_two_text_color__hover_enabled=&#8221;off&#8221; button_border_width__hover_enabled=&#8221;off&#8221; button_one_border_width__hover_enabled=&#8221;off&#8221; button_two_border_width__hover_enabled=&#8221;off&#8221; button_border_color__hover_enabled=&#8221;on&#8221; button_border_color__hover=&#8221;#666666&#8243; button_one_border_color__hover_enabled=&#8221;off&#8221; button_two_border_color__hover_enabled=&#8221;off&#8221; button_border_radius__hover_enabled=&#8221;on&#8221; button_border_radius__hover=&#8221;0&#8243; button_one_border_radius__hover_enabled=&#8221;off&#8221; button_two_border_radius__hover_enabled=&#8221;off&#8221; button_letter_spacing__hover_enabled=&#8221;off&#8221; button_one_letter_spacing__hover_enabled=&#8221;off&#8221; button_two_letter_spacing__hover_enabled=&#8221;off&#8221; button_bg_color__hover_enabled=&#8221;on&#8221; button_bg_color__hover=&#8221;#666666&#8243; button_one_bg_color__hover_enabled=&#8221;off&#8221; button_two_bg_color__hover_enabled=&#8221;off&#8221; sticky_enabled=&#8221;0&#8243;]&nbsp;<br \/>\n[\/et_pb_button][\/et_pb_column][et_pb_column type=&#8221;1_2&#8243; _builder_version=&#8221;4.16&#8243; custom_padding=&#8221;|||&#8221; global_colors_info=&#8221;{}&#8221; custom_padding__hover=&#8221;|||&#8221;][\/et_pb_column][\/et_pb_row][\/et_pb_section]<\/p>\n","protected":false},"excerpt":{"rendered":"<p>&nbsp; Beim Betreten des Shops in der Kastanienallee im Prenzlauer Berg empf\u00e4ngt die Besucher eine farbenfrohe Vielfalt: Inmitten von warmen T\u00f6nen und einer funktionalen Ausstattung, die den Schuh ganz in den Mittelpunkt stellt, wird hier eine gro\u00dfe Auswahl an Schuhen, Stiefeletten, Boots und Sneaker mit viel Komfort und zu moderaten Preisen angeboten. Eine weitere Spezialit\u00e4t [&hellip;]<\/p>\n","protected":false},"author":1,"featured_media":0,"parent":0,"menu_order":0,"comment_status":"closed","ping_status":"closed","template":"","meta":{"_et_pb_use_builder":"on","_et_pb_old_content":"","_et_gb_content_width":"","_monsterinsights_skip_tracking":false,"_monsterinsights_sitenote_active":false,"_monsterinsights_sitenote_note":"","_monsterinsights_sitenote_category":0,"footnotes":""},"class_list":["post-37040","page","type-page","status-publish","hentry"],"yoast_head":"<!-- This site is optimized with the Yoast SEO plugin v27.4 - https:\/\/yoast.com\/product\/yoast-seo-wordpress\/ -->\n<title>GR\u00dcNBEIN\u00ad\u00ad SCH\u00d6NEBERG EN - Gr\u00fcnbein<\/title>\n<meta name=\"description\" content=\"GR\u00dcNBEIN\u00ad\u00ad Sch\u00f6neberg\" \/>\n<meta name=\"robots\" content=\"index, follow, max-snippet:-1, max-image-preview:large, max-video-preview:-1\" \/>\n<link rel=\"canonical\" href=\"https:\/\/gruenbein-shoes.com\/en\/gruenbein-schoeneberg\/\" \/>\n<meta property=\"og:locale\" content=\"en_US\" \/>\n<meta property=\"og:type\" content=\"article\" \/>\n<meta property=\"og:title\" content=\"GR\u00dcNBEIN\u00ad\u00ad SCH\u00d6NEBERG EN - Gr\u00fcnbein\" \/>\n<meta property=\"og:description\" content=\"GR\u00dcNBEIN\u00ad\u00ad Sch\u00f6neberg\" \/>\n<meta property=\"og:url\" content=\"https:\/\/gruenbein-shoes.com\/en\/gruenbein-schoeneberg\/\" \/>\n<meta property=\"og:site_name\" content=\"Gr\u00fcnbein\" \/>\n<meta property=\"article:publisher\" content=\"https:\/\/www.facebook.com\/Gr%c3%bcnbein-Switzerland\" \/>\n<meta property=\"article:modified_time\" content=\"2024-09-26T11:40:22+00:00\" \/>\n<meta property=\"og:image\" content=\"https:\/\/gruenbein-shoes.com\/wp-content\/uploads\/2018\/06\/UEBER_GRUENBEIN.jpg\" \/>\n\t<meta property=\"og:image:width\" content=\"1000\" \/>\n\t<meta property=\"og:image:height\" content=\"704\" \/>\n\t<meta property=\"og:image:type\" content=\"image\/jpeg\" \/>\n<meta name=\"twitter:card\" content=\"summary_large_image\" \/>\n<meta name=\"twitter:label1\" content=\"Est. reading time\" \/>\n\t<meta name=\"twitter:data1\" content=\"1 minute\" \/>\n<script type=\"application\/ld+json\" class=\"yoast-schema-graph\">{\"@context\":\"https:\\\/\\\/schema.org\",\"@graph\":[{\"@type\":\"WebPage\",\"@id\":\"https:\\\/\\\/gruenbein-shoes.com\\\/en\\\/gruenbein-schoeneberg\\\/\",\"url\":\"https:\\\/\\\/gruenbein-shoes.com\\\/en\\\/gruenbein-schoeneberg\\\/\",\"name\":\"GR\u00dcNBEIN\u00ad\u00ad SCH\u00d6NEBERG EN - Gr\u00fcnbein\",\"isPartOf\":{\"@id\":\"https:\\\/\\\/gruenbein-shoes.com\\\/en\\\/#website\"},\"datePublished\":\"2018-07-11T12:55:11+00:00\",\"dateModified\":\"2024-09-26T11:40:22+00:00\",\"description\":\"GR\u00dcNBEIN\u00ad\u00ad Sch\u00f6neberg\",\"breadcrumb\":{\"@id\":\"https:\\\/\\\/gruenbein-shoes.com\\\/en\\\/gruenbein-schoeneberg\\\/#breadcrumb\"},\"inLanguage\":\"en-US\",\"potentialAction\":[{\"@type\":\"ReadAction\",\"target\":[\"https:\\\/\\\/gruenbein-shoes.com\\\/en\\\/gruenbein-schoeneberg\\\/\"]}]},{\"@type\":\"BreadcrumbList\",\"@id\":\"https:\\\/\\\/gruenbein-shoes.com\\\/en\\\/gruenbein-schoeneberg\\\/#breadcrumb\",\"itemListElement\":[{\"@type\":\"ListItem\",\"position\":1,\"name\":\"Startseite\",\"item\":\"https:\\\/\\\/gruenbein-shoes.com\\\/en\\\/\"},{\"@type\":\"ListItem\",\"position\":2,\"name\":\"GR\u00dcNBEIN\u00ad\u00ad SCH\u00d6NEBERG EN\"}]},{\"@type\":\"WebSite\",\"@id\":\"https:\\\/\\\/gruenbein-shoes.com\\\/en\\\/#website\",\"url\":\"https:\\\/\\\/gruenbein-shoes.com\\\/en\\\/\",\"name\":\"Gr\u00fcnbein\",\"description\":\"Hochwertig, modisch, komfortabel: Entdecken Sie die aktuellen Schuhkollektionen f\u00fcr Damen und Herren\",\"publisher\":{\"@id\":\"https:\\\/\\\/gruenbein-shoes.com\\\/en\\\/#organization\"},\"potentialAction\":[{\"@type\":\"SearchAction\",\"target\":{\"@type\":\"EntryPoint\",\"urlTemplate\":\"https:\\\/\\\/gruenbein-shoes.com\\\/en\\\/?s={search_term_string}\"},\"query-input\":{\"@type\":\"PropertyValueSpecification\",\"valueRequired\":true,\"valueName\":\"search_term_string\"}}],\"inLanguage\":\"en-US\"},{\"@type\":\"Organization\",\"@id\":\"https:\\\/\\\/gruenbein-shoes.com\\\/en\\\/#organization\",\"name\":\"GR\u00dcNBEIN Switzerland\",\"url\":\"https:\\\/\\\/gruenbein-shoes.com\\\/en\\\/\",\"logo\":{\"@type\":\"ImageObject\",\"inLanguage\":\"en-US\",\"@id\":\"https:\\\/\\\/gruenbein-shoes.com\\\/en\\\/#\\\/schema\\\/logo\\\/image\\\/\",\"url\":\"\",\"contentUrl\":\"\",\"caption\":\"GR\u00dcNBEIN Switzerland\"},\"image\":{\"@id\":\"https:\\\/\\\/gruenbein-shoes.com\\\/en\\\/#\\\/schema\\\/logo\\\/image\\\/\"},\"sameAs\":[\"https:\\\/\\\/www.facebook.com\\\/Gr\u00fcnbein-Switzerland\",\"https:\\\/\\\/www.instagram.com\\\/gruenbeinshoes\\\/\"]}]}<\/script>\n<!-- \/ Yoast SEO plugin. -->","yoast_head_json":{"title":"GR\u00dcNBEIN\u00ad\u00ad SCH\u00d6NEBERG EN - Gr\u00fcnbein","description":"GR\u00dcNBEIN\u00ad\u00ad Sch\u00f6neberg","robots":{"index":"index","follow":"follow","max-snippet":"max-snippet:-1","max-image-preview":"max-image-preview:large","max-video-preview":"max-video-preview:-1"},"canonical":"https:\/\/gruenbein-shoes.com\/en\/gruenbein-schoeneberg\/","og_locale":"en_US","og_type":"article","og_title":"GR\u00dcNBEIN\u00ad\u00ad SCH\u00d6NEBERG EN - Gr\u00fcnbein","og_description":"GR\u00dcNBEIN\u00ad\u00ad Sch\u00f6neberg","og_url":"https:\/\/gruenbein-shoes.com\/en\/gruenbein-schoeneberg\/","og_site_name":"Gr\u00fcnbein","article_publisher":"https:\/\/www.facebook.com\/Gr%c3%bcnbein-Switzerland","article_modified_time":"2024-09-26T11:40:22+00:00","og_image":[{"width":1000,"height":704,"url":"https:\/\/gruenbein-shoes.com\/wp-content\/uploads\/2018\/06\/UEBER_GRUENBEIN.jpg","type":"image\/jpeg"}],"twitter_card":"summary_large_image","twitter_misc":{"Est. reading time":"1 minute"},"schema":{"@context":"https:\/\/schema.org","@graph":[{"@type":"WebPage","@id":"https:\/\/gruenbein-shoes.com\/en\/gruenbein-schoeneberg\/","url":"https:\/\/gruenbein-shoes.com\/en\/gruenbein-schoeneberg\/","name":"GR\u00dcNBEIN\u00ad\u00ad SCH\u00d6NEBERG EN - Gr\u00fcnbein","isPartOf":{"@id":"https:\/\/gruenbein-shoes.com\/en\/#website"},"datePublished":"2018-07-11T12:55:11+00:00","dateModified":"2024-09-26T11:40:22+00:00","description":"GR\u00dcNBEIN\u00ad\u00ad Sch\u00f6neberg","breadcrumb":{"@id":"https:\/\/gruenbein-shoes.com\/en\/gruenbein-schoeneberg\/#breadcrumb"},"inLanguage":"en-US","potentialAction":[{"@type":"ReadAction","target":["https:\/\/gruenbein-shoes.com\/en\/gruenbein-schoeneberg\/"]}]},{"@type":"BreadcrumbList","@id":"https:\/\/gruenbein-shoes.com\/en\/gruenbein-schoeneberg\/#breadcrumb","itemListElement":[{"@type":"ListItem","position":1,"name":"Startseite","item":"https:\/\/gruenbein-shoes.com\/en\/"},{"@type":"ListItem","position":2,"name":"GR\u00dcNBEIN\u00ad\u00ad SCH\u00d6NEBERG EN"}]},{"@type":"WebSite","@id":"https:\/\/gruenbein-shoes.com\/en\/#website","url":"https:\/\/gruenbein-shoes.com\/en\/","name":"Gr\u00fcnbein","description":"Hochwertig, modisch, komfortabel: Entdecken Sie die aktuellen Schuhkollektionen f\u00fcr Damen und Herren","publisher":{"@id":"https:\/\/gruenbein-shoes.com\/en\/#organization"},"potentialAction":[{"@type":"SearchAction","target":{"@type":"EntryPoint","urlTemplate":"https:\/\/gruenbein-shoes.com\/en\/?s={search_term_string}"},"query-input":{"@type":"PropertyValueSpecification","valueRequired":true,"valueName":"search_term_string"}}],"inLanguage":"en-US"},{"@type":"Organization","@id":"https:\/\/gruenbein-shoes.com\/en\/#organization","name":"GR\u00dcNBEIN Switzerland","url":"https:\/\/gruenbein-shoes.com\/en\/","logo":{"@type":"ImageObject","inLanguage":"en-US","@id":"https:\/\/gruenbein-shoes.com\/en\/#\/schema\/logo\/image\/","url":"","contentUrl":"","caption":"GR\u00dcNBEIN Switzerland"},"image":{"@id":"https:\/\/gruenbein-shoes.com\/en\/#\/schema\/logo\/image\/"},"sameAs":["https:\/\/www.facebook.com\/Gr\u00fcnbein-Switzerland","https:\/\/www.instagram.com\/gruenbeinshoes\/"]}]}},"_links":{"self":[{"href":"https:\/\/gruenbein-shoes.com\/en\/wp-json\/wp\/v2\/pages\/37040","targetHints":{"allow":["GET"]}}],"collection":[{"href":"https:\/\/gruenbein-shoes.com\/en\/wp-json\/wp\/v2\/pages"}],"about":[{"href":"https:\/\/gruenbein-shoes.com\/en\/wp-json\/wp\/v2\/types\/page"}],"author":[{"embeddable":true,"href":"https:\/\/gruenbein-shoes.com\/en\/wp-json\/wp\/v2\/users\/1"}],"replies":[{"embeddable":true,"href":"https:\/\/gruenbein-shoes.com\/en\/wp-json\/wp\/v2\/comments?post=37040"}],"version-history":[{"count":19,"href":"https:\/\/gruenbein-shoes.com\/en\/wp-json\/wp\/v2\/pages\/37040\/revisions"}],"predecessor-version":[{"id":41361,"href":"https:\/\/gruenbein-shoes.com\/en\/wp-json\/wp\/v2\/pages\/37040\/revisions\/41361"}],"wp:attachment":[{"href":"https:\/\/gruenbein-shoes.com\/en\/wp-json\/wp\/v2\/media?parent=37040"}],"curies":[{"name":"wp","href":"https:\/\/api.w.org\/{rel}","templated":true}]}}