{"id":37149,"date":"2018-12-05T08:45:20","date_gmt":"2018-12-05T07:45:20","guid":{"rendered":"https:\/\/gruenbein-shoes.com\/agb\/"},"modified":"2021-08-12T10:01:49","modified_gmt":"2021-08-12T08:01:49","slug":"agb","status":"publish","type":"page","link":"https:\/\/gruenbein-shoes.com\/en\/agb\/","title":{"rendered":"GR\u00dcNBEIN AGB EN"},"content":{"rendered":"<p>[et_pb_section fb_built=&#8221;1&#8243; _builder_version=&#8221;3.0.47&#8243;][et_pb_row _builder_version=&#8221;3.0.48&#8243; background_size=&#8221;initial&#8221; background_position=&#8221;top_left&#8221; background_repeat=&#8221;repeat&#8221;][et_pb_column type=&#8221;4_4&#8243; _builder_version=&#8221;3.0.47&#8243; parallax=&#8221;off&#8221; parallax_method=&#8221;on&#8221;][et_pb_post_title meta=&#8221;off&#8221; featured_image=&#8221;off&#8221; _builder_version=&#8221;3.17.6&#8243;][\/et_pb_post_title][et_pb_text _builder_version=&#8221;3.17.6&#8243;]<\/p>\n<p>1. Diese Allgemeinen Teilnahmebedingungen gelten f\u00fcr alle Gewinnspiele, die Gr\u00fcnbein Switzerland auf der Website https:\/\/gruenbein-shoes.com\/ oder den von Gr\u00fcnbein Switzerland betriebenden sozialen Netzwerk-Profilen durchf\u00fchrt und in denen auf diese Bedingungen verwiesen wird.<\/p>\n<p>2. Zur Teilnahme berechtigt an einem Gewinnspiel ist jede nat\u00fcrliche Person, die ihren st\u00e4ndigen Wohnsitz in Deutschland, \u00d6sterreich oder der Schweiz und das 18. Lebensjahr erreicht hat. Nicht teilnahmeberechtigte Personen erlangen auch im Fall der Zuteilung eines Gewinns keinen Gewinnanspruch.<\/p>\n<p>3. Jeder Teilnehmer kann nur im eigenen Namen teilnehmen. Gewinne k\u00f6nnen nicht an Dritte \u00fcbertragen werden.<\/p>\n<p>4. Bei der Teilnahme am Gewinnspiel werden verschiedene Angaben abgefragt, z. B. Name, Vorname, Anschrift und\/oder E-Mail-Adresse und\/oder Telefonnummer, Schuhgr\u00f6\u00dfe. S\u00e4mtliche dieser pers\u00f6nlichen Daten werden durch Gr\u00fcnbein Switzerland entsprechend der Datenschutzerkl\u00e4rung und ausschlie\u00dflich f\u00fcr das jeweilige Gewinnspiel behandelt. Eine Ver\u00f6ffentlichung oder weitergehende Speicherung dieser pers\u00f6nlichen Daten findet nicht statt. Zur Teilnahme am Gewinnspiel m\u00fcssen s\u00e4mtliche Angaben der Wahrheit entsprechen. Anderenfalls kann der Ausschluss erfolgen.<\/p>\n<p>5. Gr\u00fcnbein Switzerland beh\u00e4lt sich das Recht vor, bei \u00c4nderung der Rechtslage oder der Rechtsprechung oder aufgrund eines gerichtlichen Verbots die jeweiligen angek\u00fcndigten Gewinne auszutauschen und durch andere Gewinne und Preise zu ersetzen, den jeweiligen Spielablauf zu \u00e4ndern oder das Gewinnspiel insgesamt abzusagen. Dem evtl. bereits ermittelten Gewinner stehen in diesen F\u00e4llen keinerlei Anspr\u00fcche gegen Gr\u00fcnbein Switzerland oder gegen rechtlich verbundene Unternehmen zu.<\/p>\n<p>6. Die Ermittlung der Gewinner erfolgt durch Gr\u00fcnbein Switzerland, deren Mitarbeiter, Erf\u00fcllungsgehilfen oder beauftragte Dritte. Hierbei haftet Gr\u00fcnbein Switzerland nicht f\u00fcr leicht fahrl\u00e4ssiges Verhalten dieser Personen bei der Gewinnerermittlung.<\/p>\n<p>7. Im Falle eines Gewinns wird der Teilnehmer per E-Mail benachrichtigt. Erfolgt keine R\u00fcckmeldung des Gewinners innerhalb von 3 Tagen, wird der Gewinn neu ausgelost.<\/p>\n<p>8. Sofern es sich bei den ausgelosten Gewinnen um Sachpreise handelt, zahlt Gr\u00fcnbein Switzerland den Gegenwert nicht in Geld aus. Der Teilnehmer erkl\u00e4rt im Falle eines Gewinns (insbesondere bei Reisen), dass eventuelle Kosten, Spesen und sonstige Leistungen, die nicht als Gewinn oder als im Gewinn enthalten ausgelobt sind, vom ihm getragen werden.Weiterhin \u00fcbernimmt Gr\u00fcnbein Switzerland keinerlei Haftung f\u00fcr Sch\u00e4den, die durch den Teilnehmer verursacht werden und wird von ihm insoweit von allen Anspr\u00fcchen Dritter freigestellt.<\/p>\n<p>9. Sofern der Teilnehmer gegen besondere Spielregeln oder diese Bedingungen verst\u00f6\u00dft, ist Gr\u00fcnbein Switzerland jederzeit berechtigt, ihn von der Teilnahme ohne Vorank\u00fcndigung auszuschlie\u00dfen.<\/p>\n<p>10. Der Rechtsweg ist ausgeschlossen.<\/p>\n<p>11. Bei Unwirksamkeit einzelner Bestimmungen dieser AGB bleiben die \u00fcbrigen Bestimmungen g\u00fcltig. Es gilt deutsches Recht. Sofern der Kunde Vollkaufmann, juristische Person des \u00f6ffentlichen Rechts oder ein \u00f6ffentlich-rechtliches Sonderverm\u00f6gen ist, gilt als Gerichtsstand ausdr\u00fccklich Berlin als Sitz des Anbieters als vereinbart.<\/p>\n<p>[\/et_pb_text][\/et_pb_column][\/et_pb_row][\/et_pb_section]<\/p>\n","protected":false},"excerpt":{"rendered":"<p>1. Diese Allgemeinen Teilnahmebedingungen gelten f\u00fcr alle Gewinnspiele, die Gr\u00fcnbein Switzerland auf der Website https:\/\/gruenbein-shoes.com\/ oder den von Gr\u00fcnbein Switzerland betriebenden sozialen Netzwerk-Profilen durchf\u00fchrt und in denen auf diese Bedingungen verwiesen wird.2. Zur Teilnahme berechtigt an einem Gewinnspiel ist jede nat\u00fcrliche Person, die ihren st\u00e4ndigen Wohnsitz in Deutschland, \u00d6sterreich oder der Schweiz und das 18. [&hellip;]<\/p>\n","protected":false},"author":1,"featured_media":0,"parent":0,"menu_order":0,"comment_status":"closed","ping_status":"closed","template":"","meta":{"_et_pb_use_builder":"on","_et_pb_old_content":"","_et_gb_content_width":"","_monsterinsights_skip_tracking":false,"_monsterinsights_sitenote_active":false,"_monsterinsights_sitenote_note":"","_monsterinsights_sitenote_category":0,"footnotes":""},"class_list":["post-37149","page","type-page","status-publish","hentry"],"yoast_head":"<!-- This site is optimized with the Yoast SEO plugin v27.4 - https:\/\/yoast.com\/product\/yoast-seo-wordpress\/ -->\n<title>GR\u00dcNBEIN AGB EN - Gr\u00fcnbein<\/title>\n<meta name=\"description\" content=\"Diese Allgemeinen Teilnahmebedingungen gelten f\u00fcr alle Gewinnspiele, die Gr\u00fcnbein Switzerland auf der Website oder den von Gr\u00fcnbein Switzerland betriebenden sozialen Netzwerk-Profilen durchf\u00fchrt und in denen auf diese Bedingungen verwiesen wird\" \/>\n<meta name=\"robots\" content=\"index, follow, max-snippet:-1, max-image-preview:large, max-video-preview:-1\" \/>\n<link rel=\"canonical\" href=\"https:\/\/gruenbein-shoes.com\/en\/agb\/\" \/>\n<meta property=\"og:locale\" content=\"en_US\" \/>\n<meta property=\"og:type\" content=\"article\" \/>\n<meta property=\"og:title\" content=\"GR\u00dcNBEIN AGB EN - Gr\u00fcnbein\" \/>\n<meta property=\"og:description\" content=\"Diese Allgemeinen Teilnahmebedingungen gelten f\u00fcr alle Gewinnspiele, die Gr\u00fcnbein Switzerland auf der Website oder den von Gr\u00fcnbein Switzerland betriebenden sozialen Netzwerk-Profilen durchf\u00fchrt und in denen auf diese Bedingungen verwiesen wird\" \/>\n<meta property=\"og:url\" content=\"https:\/\/gruenbein-shoes.com\/en\/agb\/\" \/>\n<meta property=\"og:site_name\" content=\"Gr\u00fcnbein\" \/>\n<meta property=\"article:publisher\" content=\"https:\/\/www.facebook.com\/Gr%c3%bcnbein-Switzerland\" \/>\n<meta property=\"article:modified_time\" content=\"2021-08-12T08:01:49+00:00\" \/>\n<meta property=\"og:image\" content=\"https:\/\/gruenbein-shoes.com\/wp-content\/uploads\/2018\/06\/UEBER_GRUENBEIN.jpg\" \/>\n\t<meta property=\"og:image:width\" content=\"1000\" \/>\n\t<meta property=\"og:image:height\" content=\"704\" \/>\n\t<meta property=\"og:image:type\" content=\"image\/jpeg\" \/>\n<meta name=\"twitter:card\" content=\"summary_large_image\" \/>\n<meta name=\"twitter:label1\" content=\"Est. reading time\" \/>\n\t<meta name=\"twitter:data1\" content=\"3 minutes\" \/>\n<script type=\"application\/ld+json\" class=\"yoast-schema-graph\">{\"@context\":\"https:\\\/\\\/schema.org\",\"@graph\":[{\"@type\":\"WebPage\",\"@id\":\"https:\\\/\\\/gruenbein-shoes.com\\\/en\\\/agb\\\/\",\"url\":\"https:\\\/\\\/gruenbein-shoes.com\\\/en\\\/agb\\\/\",\"name\":\"GR\u00dcNBEIN AGB EN - Gr\u00fcnbein\",\"isPartOf\":{\"@id\":\"https:\\\/\\\/gruenbein-shoes.com\\\/en\\\/#website\"},\"datePublished\":\"2018-12-05T07:45:20+00:00\",\"dateModified\":\"2021-08-12T08:01:49+00:00\",\"description\":\"Diese Allgemeinen Teilnahmebedingungen gelten f\u00fcr alle Gewinnspiele, die Gr\u00fcnbein Switzerland auf der Website oder den von Gr\u00fcnbein Switzerland betriebenden sozialen Netzwerk-Profilen durchf\u00fchrt und in denen auf diese Bedingungen verwiesen wird\",\"breadcrumb\":{\"@id\":\"https:\\\/\\\/gruenbein-shoes.com\\\/en\\\/agb\\\/#breadcrumb\"},\"inLanguage\":\"en-US\",\"potentialAction\":[{\"@type\":\"ReadAction\",\"target\":[\"https:\\\/\\\/gruenbein-shoes.com\\\/en\\\/agb\\\/\"]}]},{\"@type\":\"BreadcrumbList\",\"@id\":\"https:\\\/\\\/gruenbein-shoes.com\\\/en\\\/agb\\\/#breadcrumb\",\"itemListElement\":[{\"@type\":\"ListItem\",\"position\":1,\"name\":\"Startseite\",\"item\":\"https:\\\/\\\/gruenbein-shoes.com\\\/en\\\/\"},{\"@type\":\"ListItem\",\"position\":2,\"name\":\"GR\u00dcNBEIN AGB EN\"}]},{\"@type\":\"WebSite\",\"@id\":\"https:\\\/\\\/gruenbein-shoes.com\\\/en\\\/#website\",\"url\":\"https:\\\/\\\/gruenbein-shoes.com\\\/en\\\/\",\"name\":\"Gr\u00fcnbein\",\"description\":\"Hochwertig, modisch, komfortabel: Entdecken Sie die aktuellen Schuhkollektionen f\u00fcr Damen und Herren\",\"publisher\":{\"@id\":\"https:\\\/\\\/gruenbein-shoes.com\\\/en\\\/#organization\"},\"potentialAction\":[{\"@type\":\"SearchAction\",\"target\":{\"@type\":\"EntryPoint\",\"urlTemplate\":\"https:\\\/\\\/gruenbein-shoes.com\\\/en\\\/?s={search_term_string}\"},\"query-input\":{\"@type\":\"PropertyValueSpecification\",\"valueRequired\":true,\"valueName\":\"search_term_string\"}}],\"inLanguage\":\"en-US\"},{\"@type\":\"Organization\",\"@id\":\"https:\\\/\\\/gruenbein-shoes.com\\\/en\\\/#organization\",\"name\":\"GR\u00dcNBEIN Switzerland\",\"url\":\"https:\\\/\\\/gruenbein-shoes.com\\\/en\\\/\",\"logo\":{\"@type\":\"ImageObject\",\"inLanguage\":\"en-US\",\"@id\":\"https:\\\/\\\/gruenbein-shoes.com\\\/en\\\/#\\\/schema\\\/logo\\\/image\\\/\",\"url\":\"\",\"contentUrl\":\"\",\"caption\":\"GR\u00dcNBEIN Switzerland\"},\"image\":{\"@id\":\"https:\\\/\\\/gruenbein-shoes.com\\\/en\\\/#\\\/schema\\\/logo\\\/image\\\/\"},\"sameAs\":[\"https:\\\/\\\/www.facebook.com\\\/Gr\u00fcnbein-Switzerland\",\"https:\\\/\\\/www.instagram.com\\\/gruenbeinshoes\\\/\"]}]}<\/script>\n<!-- \/ Yoast SEO plugin. -->","yoast_head_json":{"title":"GR\u00dcNBEIN AGB EN - Gr\u00fcnbein","description":"Diese Allgemeinen Teilnahmebedingungen gelten f\u00fcr alle Gewinnspiele, die Gr\u00fcnbein Switzerland auf der Website oder den von Gr\u00fcnbein Switzerland betriebenden sozialen Netzwerk-Profilen durchf\u00fchrt und in denen auf diese Bedingungen verwiesen wird","robots":{"index":"index","follow":"follow","max-snippet":"max-snippet:-1","max-image-preview":"max-image-preview:large","max-video-preview":"max-video-preview:-1"},"canonical":"https:\/\/gruenbein-shoes.com\/en\/agb\/","og_locale":"en_US","og_type":"article","og_title":"GR\u00dcNBEIN AGB EN - Gr\u00fcnbein","og_description":"Diese Allgemeinen Teilnahmebedingungen gelten f\u00fcr alle Gewinnspiele, die Gr\u00fcnbein Switzerland auf der Website oder den von Gr\u00fcnbein Switzerland betriebenden sozialen Netzwerk-Profilen durchf\u00fchrt und in denen auf diese Bedingungen verwiesen wird","og_url":"https:\/\/gruenbein-shoes.com\/en\/agb\/","og_site_name":"Gr\u00fcnbein","article_publisher":"https:\/\/www.facebook.com\/Gr%c3%bcnbein-Switzerland","article_modified_time":"2021-08-12T08:01:49+00:00","og_image":[{"width":1000,"height":704,"url":"https:\/\/gruenbein-shoes.com\/wp-content\/uploads\/2018\/06\/UEBER_GRUENBEIN.jpg","type":"image\/jpeg"}],"twitter_card":"summary_large_image","twitter_misc":{"Est. reading time":"3 minutes"},"schema":{"@context":"https:\/\/schema.org","@graph":[{"@type":"WebPage","@id":"https:\/\/gruenbein-shoes.com\/en\/agb\/","url":"https:\/\/gruenbein-shoes.com\/en\/agb\/","name":"GR\u00dcNBEIN AGB EN - Gr\u00fcnbein","isPartOf":{"@id":"https:\/\/gruenbein-shoes.com\/en\/#website"},"datePublished":"2018-12-05T07:45:20+00:00","dateModified":"2021-08-12T08:01:49+00:00","description":"Diese Allgemeinen Teilnahmebedingungen gelten f\u00fcr alle Gewinnspiele, die Gr\u00fcnbein Switzerland auf der Website oder den von Gr\u00fcnbein Switzerland betriebenden sozialen Netzwerk-Profilen durchf\u00fchrt und in denen auf diese Bedingungen verwiesen wird","breadcrumb":{"@id":"https:\/\/gruenbein-shoes.com\/en\/agb\/#breadcrumb"},"inLanguage":"en-US","potentialAction":[{"@type":"ReadAction","target":["https:\/\/gruenbein-shoes.com\/en\/agb\/"]}]},{"@type":"BreadcrumbList","@id":"https:\/\/gruenbein-shoes.com\/en\/agb\/#breadcrumb","itemListElement":[{"@type":"ListItem","position":1,"name":"Startseite","item":"https:\/\/gruenbein-shoes.com\/en\/"},{"@type":"ListItem","position":2,"name":"GR\u00dcNBEIN AGB EN"}]},{"@type":"WebSite","@id":"https:\/\/gruenbein-shoes.com\/en\/#website","url":"https:\/\/gruenbein-shoes.com\/en\/","name":"Gr\u00fcnbein","description":"Hochwertig, modisch, komfortabel: Entdecken Sie die aktuellen Schuhkollektionen f\u00fcr Damen und Herren","publisher":{"@id":"https:\/\/gruenbein-shoes.com\/en\/#organization"},"potentialAction":[{"@type":"SearchAction","target":{"@type":"EntryPoint","urlTemplate":"https:\/\/gruenbein-shoes.com\/en\/?s={search_term_string}"},"query-input":{"@type":"PropertyValueSpecification","valueRequired":true,"valueName":"search_term_string"}}],"inLanguage":"en-US"},{"@type":"Organization","@id":"https:\/\/gruenbein-shoes.com\/en\/#organization","name":"GR\u00dcNBEIN Switzerland","url":"https:\/\/gruenbein-shoes.com\/en\/","logo":{"@type":"ImageObject","inLanguage":"en-US","@id":"https:\/\/gruenbein-shoes.com\/en\/#\/schema\/logo\/image\/","url":"","contentUrl":"","caption":"GR\u00dcNBEIN Switzerland"},"image":{"@id":"https:\/\/gruenbein-shoes.com\/en\/#\/schema\/logo\/image\/"},"sameAs":["https:\/\/www.facebook.com\/Gr\u00fcnbein-Switzerland","https:\/\/www.instagram.com\/gruenbeinshoes\/"]}]}},"_links":{"self":[{"href":"https:\/\/gruenbein-shoes.com\/en\/wp-json\/wp\/v2\/pages\/37149","targetHints":{"allow":["GET"]}}],"collection":[{"href":"https:\/\/gruenbein-shoes.com\/en\/wp-json\/wp\/v2\/pages"}],"about":[{"href":"https:\/\/gruenbein-shoes.com\/en\/wp-json\/wp\/v2\/types\/page"}],"author":[{"embeddable":true,"href":"https:\/\/gruenbein-shoes.com\/en\/wp-json\/wp\/v2\/users\/1"}],"replies":[{"embeddable":true,"href":"https:\/\/gruenbein-shoes.com\/en\/wp-json\/wp\/v2\/comments?post=37149"}],"version-history":[{"count":2,"href":"https:\/\/gruenbein-shoes.com\/en\/wp-json\/wp\/v2\/pages\/37149\/revisions"}],"predecessor-version":[{"id":41265,"href":"https:\/\/gruenbein-shoes.com\/en\/wp-json\/wp\/v2\/pages\/37149\/revisions\/41265"}],"wp:attachment":[{"href":"https:\/\/gruenbein-shoes.com\/en\/wp-json\/wp\/v2\/media?parent=37149"}],"curies":[{"name":"wp","href":"https:\/\/api.w.org\/{rel}","templated":true}]}}