{"id":37152,"date":"2018-06-20T09:28:49","date_gmt":"2018-06-20T07:28:49","guid":{"rendered":"https:\/\/gruenbein-shoes.com\/gruenbein-damen-halbschuhe\/"},"modified":"2019-11-14T15:23:09","modified_gmt":"2019-11-14T14:23:09","slug":"women-half-shoes","status":"publish","type":"page","link":"https:\/\/gruenbein-shoes.com\/en\/women-half-shoes\/","title":{"rendered":"GR\u00dcNBEIN WOMEN HALF SHOES"},"content":{"rendered":"<p>[et_pb_section fb_built=&#8221;1&#8243; _builder_version=&#8221;3.5.1&#8243; background_color=&#8221;#c54e37&#8243; parallax=&#8221;on&#8221; custom_margin=&#8221;10px|40px||40px&#8221; custom_margin_phone=&#8221;0px|0px|20px|0px&#8221; custom_margin_last_edited=&#8221;on|phone&#8221; custom_padding=&#8221;0px|0px|0px|0px&#8221;][et_pb_row custom_padding=&#8221;0|0px|0|0px|false|false&#8221; _builder_version=&#8221;3.5.1&#8243; background_size=&#8221;initial&#8221; background_position=&#8221;top_left&#8221; background_repeat=&#8221;repeat&#8221;][et_pb_column type=&#8221;4_4&#8243; _builder_version=&#8221;3.0.47&#8243; parallax=&#8221;off&#8221; parallax_method=&#8221;on&#8221;][et_pb_image src=&#8221;https:\/\/gruenbein-shoes.com\/wp-content\/uploads\/2018\/12\/GRUENBEIN_LADIES_HALF_SHOES.jpg&#8221; alt=&#8221;GR\u00dcNBEIN LADIES HALF SHOES&#8221; title_text=&#8221;GR\u00dcNBEIN LADIES HALF SHOES&#8221; align=&#8221;center&#8221; force_fullwidth=&#8221;on&#8221; _builder_version=&#8221;3.19&#8243;][\/et_pb_image][\/et_pb_column][\/et_pb_row][\/et_pb_section][et_pb_section fb_built=&#8221;1&#8243; fullwidth=&#8221;on&#8221; _builder_version=&#8221;3.0.47&#8243;][\/et_pb_section][et_pb_section fb_built=&#8221;1&#8243; _builder_version=&#8221;3.0.47&#8243; custom_padding=&#8221;0|0px|54px|0px|false|false&#8221;][et_pb_row _builder_version=&#8221;3.5.1&#8243;][et_pb_column type=&#8221;4_4&#8243; _builder_version=&#8221;3.0.47&#8243; parallax=&#8221;off&#8221; parallax_method=&#8221;on&#8221;][et_pb_text _builder_version=&#8221;3.18.7&#8243; custom_padding=&#8221;||50px|&#8221; custom_padding_phone=&#8221;||0px|&#8221; custom_padding_last_edited=&#8221;on|phone&#8221;]<\/p>\n<p style=\"text-align: center;\">Sneakers, slipper, lace-ups: half shoes by Gr\u00fcnbein Switzerland come in a great variety of stylish and sporting models. For every season and many occasions Gr\u00fcnbein offers you half shoes of the highest quality in excellent leathers and numerous colours.<\/p>\n<p>[\/et_pb_text][et_pb_portfolio fullwidth=&#8221;off&#8221; posts_number=&#8221;30&#8243; include_categories=&#8221;20&#8243; show_categories=&#8221;off&#8221; show_pagination=&#8221;off&#8221; zoom_icon_color=&#8221;rgba(235,17,26,0)&#8221; hover_overlay_color=&#8221;rgba(255,255,255,0.85)&#8221; _builder_version=&#8221;3.15&#8243; title_font=&#8221;|||on|||||&#8221; title_text_align=&#8221;center&#8221; text_orientation=&#8221;center&#8221;][\/et_pb_portfolio][\/et_pb_column][\/et_pb_row][\/et_pb_section]<\/p>\n","protected":false},"excerpt":{"rendered":"<p>Sneakers, slipper, lace-ups: half shoes by Gr\u00fcnbein Switzerland come in a great variety of stylish and sporting models. For every season and many occasions Gr\u00fcnbein offers you half shoes of the highest quality in excellent leathers and numerous colours.<\/p>\n","protected":false},"author":1,"featured_media":0,"parent":0,"menu_order":0,"comment_status":"closed","ping_status":"closed","template":"","meta":{"_et_pb_use_builder":"on","_et_pb_old_content":"","_et_gb_content_width":"","_monsterinsights_skip_tracking":false,"_monsterinsights_sitenote_active":false,"_monsterinsights_sitenote_note":"","_monsterinsights_sitenote_category":0,"footnotes":""},"class_list":["post-37152","page","type-page","status-publish","hentry"],"yoast_head":"<!-- This site is optimized with the Yoast SEO plugin v27.4 - https:\/\/yoast.com\/product\/yoast-seo-wordpress\/ -->\n<title>GR\u00dcNBEIN WOMEN HALF SHOES - Gr\u00fcnbein<\/title>\n<meta name=\"description\" content=\"GR\u00dcNBEIN LADIES HALF SHOES - Sneakers, slipper, lace-ups: half shoes by Gr\u00fcnbein Switzerland come in a great variety of stylish and sporting models\" \/>\n<meta name=\"robots\" content=\"index, follow, max-snippet:-1, max-image-preview:large, max-video-preview:-1\" \/>\n<link rel=\"canonical\" href=\"https:\/\/gruenbein-shoes.com\/en\/women-half-shoes\/\" \/>\n<meta property=\"og:locale\" content=\"en_US\" \/>\n<meta property=\"og:type\" content=\"article\" \/>\n<meta property=\"og:title\" content=\"GR\u00dcNBEIN WOMEN HALF SHOES - Gr\u00fcnbein\" \/>\n<meta property=\"og:description\" content=\"GR\u00dcNBEIN LADIES HALF SHOES - Sneakers, slipper, lace-ups: half shoes by Gr\u00fcnbein Switzerland come in a great variety of stylish and sporting models\" \/>\n<meta property=\"og:url\" content=\"https:\/\/gruenbein-shoes.com\/en\/women-half-shoes\/\" \/>\n<meta property=\"og:site_name\" content=\"Gr\u00fcnbein\" \/>\n<meta property=\"article:publisher\" content=\"https:\/\/www.facebook.com\/Gr%c3%bcnbein-Switzerland\" \/>\n<meta property=\"article:modified_time\" content=\"2019-11-14T14:23:09+00:00\" \/>\n<meta property=\"og:image\" content=\"https:\/\/gruenbein-shoes.com\/wp-content\/uploads\/2018\/06\/UEBER_GRUENBEIN.jpg\" \/>\n\t<meta property=\"og:image:width\" content=\"1000\" \/>\n\t<meta property=\"og:image:height\" content=\"704\" \/>\n\t<meta property=\"og:image:type\" content=\"image\/jpeg\" \/>\n<meta name=\"twitter:card\" content=\"summary_large_image\" \/>\n<meta name=\"twitter:label1\" content=\"Est. reading time\" \/>\n\t<meta name=\"twitter:data1\" content=\"1 minute\" \/>\n<script type=\"application\/ld+json\" class=\"yoast-schema-graph\">{\"@context\":\"https:\\\/\\\/schema.org\",\"@graph\":[{\"@type\":\"WebPage\",\"@id\":\"https:\\\/\\\/gruenbein-shoes.com\\\/en\\\/women-half-shoes\\\/\",\"url\":\"https:\\\/\\\/gruenbein-shoes.com\\\/en\\\/women-half-shoes\\\/\",\"name\":\"GR\u00dcNBEIN WOMEN HALF SHOES - Gr\u00fcnbein\",\"isPartOf\":{\"@id\":\"https:\\\/\\\/gruenbein-shoes.com\\\/en\\\/#website\"},\"datePublished\":\"2018-06-20T07:28:49+00:00\",\"dateModified\":\"2019-11-14T14:23:09+00:00\",\"description\":\"GR\u00dcNBEIN LADIES HALF SHOES - Sneakers, slipper, lace-ups: half shoes by Gr\u00fcnbein Switzerland come in a great variety of stylish and sporting models\",\"breadcrumb\":{\"@id\":\"https:\\\/\\\/gruenbein-shoes.com\\\/en\\\/women-half-shoes\\\/#breadcrumb\"},\"inLanguage\":\"en-US\",\"potentialAction\":[{\"@type\":\"ReadAction\",\"target\":[\"https:\\\/\\\/gruenbein-shoes.com\\\/en\\\/women-half-shoes\\\/\"]}]},{\"@type\":\"BreadcrumbList\",\"@id\":\"https:\\\/\\\/gruenbein-shoes.com\\\/en\\\/women-half-shoes\\\/#breadcrumb\",\"itemListElement\":[{\"@type\":\"ListItem\",\"position\":1,\"name\":\"Startseite\",\"item\":\"https:\\\/\\\/gruenbein-shoes.com\\\/en\\\/\"},{\"@type\":\"ListItem\",\"position\":2,\"name\":\"GR\u00dcNBEIN WOMEN HALF SHOES\"}]},{\"@type\":\"WebSite\",\"@id\":\"https:\\\/\\\/gruenbein-shoes.com\\\/en\\\/#website\",\"url\":\"https:\\\/\\\/gruenbein-shoes.com\\\/en\\\/\",\"name\":\"Gr\u00fcnbein\",\"description\":\"Hochwertig, modisch, komfortabel: Entdecken Sie die aktuellen Schuhkollektionen f\u00fcr Damen und Herren\",\"publisher\":{\"@id\":\"https:\\\/\\\/gruenbein-shoes.com\\\/en\\\/#organization\"},\"potentialAction\":[{\"@type\":\"SearchAction\",\"target\":{\"@type\":\"EntryPoint\",\"urlTemplate\":\"https:\\\/\\\/gruenbein-shoes.com\\\/en\\\/?s={search_term_string}\"},\"query-input\":{\"@type\":\"PropertyValueSpecification\",\"valueRequired\":true,\"valueName\":\"search_term_string\"}}],\"inLanguage\":\"en-US\"},{\"@type\":\"Organization\",\"@id\":\"https:\\\/\\\/gruenbein-shoes.com\\\/en\\\/#organization\",\"name\":\"GR\u00dcNBEIN Switzerland\",\"url\":\"https:\\\/\\\/gruenbein-shoes.com\\\/en\\\/\",\"logo\":{\"@type\":\"ImageObject\",\"inLanguage\":\"en-US\",\"@id\":\"https:\\\/\\\/gruenbein-shoes.com\\\/en\\\/#\\\/schema\\\/logo\\\/image\\\/\",\"url\":\"\",\"contentUrl\":\"\",\"caption\":\"GR\u00dcNBEIN Switzerland\"},\"image\":{\"@id\":\"https:\\\/\\\/gruenbein-shoes.com\\\/en\\\/#\\\/schema\\\/logo\\\/image\\\/\"},\"sameAs\":[\"https:\\\/\\\/www.facebook.com\\\/Gr\u00fcnbein-Switzerland\",\"https:\\\/\\\/www.instagram.com\\\/gruenbeinshoes\\\/\"]}]}<\/script>\n<!-- \/ Yoast SEO plugin. -->","yoast_head_json":{"title":"GR\u00dcNBEIN WOMEN HALF SHOES - Gr\u00fcnbein","description":"GR\u00dcNBEIN LADIES HALF SHOES - Sneakers, slipper, lace-ups: half shoes by Gr\u00fcnbein Switzerland come in a great variety of stylish and sporting models","robots":{"index":"index","follow":"follow","max-snippet":"max-snippet:-1","max-image-preview":"max-image-preview:large","max-video-preview":"max-video-preview:-1"},"canonical":"https:\/\/gruenbein-shoes.com\/en\/women-half-shoes\/","og_locale":"en_US","og_type":"article","og_title":"GR\u00dcNBEIN WOMEN HALF SHOES - Gr\u00fcnbein","og_description":"GR\u00dcNBEIN LADIES HALF SHOES - Sneakers, slipper, lace-ups: half shoes by Gr\u00fcnbein Switzerland come in a great variety of stylish and sporting models","og_url":"https:\/\/gruenbein-shoes.com\/en\/women-half-shoes\/","og_site_name":"Gr\u00fcnbein","article_publisher":"https:\/\/www.facebook.com\/Gr%c3%bcnbein-Switzerland","article_modified_time":"2019-11-14T14:23:09+00:00","og_image":[{"width":1000,"height":704,"url":"https:\/\/gruenbein-shoes.com\/wp-content\/uploads\/2018\/06\/UEBER_GRUENBEIN.jpg","type":"image\/jpeg"}],"twitter_card":"summary_large_image","twitter_misc":{"Est. reading time":"1 minute"},"schema":{"@context":"https:\/\/schema.org","@graph":[{"@type":"WebPage","@id":"https:\/\/gruenbein-shoes.com\/en\/women-half-shoes\/","url":"https:\/\/gruenbein-shoes.com\/en\/women-half-shoes\/","name":"GR\u00dcNBEIN WOMEN HALF SHOES - Gr\u00fcnbein","isPartOf":{"@id":"https:\/\/gruenbein-shoes.com\/en\/#website"},"datePublished":"2018-06-20T07:28:49+00:00","dateModified":"2019-11-14T14:23:09+00:00","description":"GR\u00dcNBEIN LADIES HALF SHOES - Sneakers, slipper, lace-ups: half shoes by Gr\u00fcnbein Switzerland come in a great variety of stylish and sporting models","breadcrumb":{"@id":"https:\/\/gruenbein-shoes.com\/en\/women-half-shoes\/#breadcrumb"},"inLanguage":"en-US","potentialAction":[{"@type":"ReadAction","target":["https:\/\/gruenbein-shoes.com\/en\/women-half-shoes\/"]}]},{"@type":"BreadcrumbList","@id":"https:\/\/gruenbein-shoes.com\/en\/women-half-shoes\/#breadcrumb","itemListElement":[{"@type":"ListItem","position":1,"name":"Startseite","item":"https:\/\/gruenbein-shoes.com\/en\/"},{"@type":"ListItem","position":2,"name":"GR\u00dcNBEIN WOMEN HALF SHOES"}]},{"@type":"WebSite","@id":"https:\/\/gruenbein-shoes.com\/en\/#website","url":"https:\/\/gruenbein-shoes.com\/en\/","name":"Gr\u00fcnbein","description":"Hochwertig, modisch, komfortabel: Entdecken Sie die aktuellen Schuhkollektionen f\u00fcr Damen und Herren","publisher":{"@id":"https:\/\/gruenbein-shoes.com\/en\/#organization"},"potentialAction":[{"@type":"SearchAction","target":{"@type":"EntryPoint","urlTemplate":"https:\/\/gruenbein-shoes.com\/en\/?s={search_term_string}"},"query-input":{"@type":"PropertyValueSpecification","valueRequired":true,"valueName":"search_term_string"}}],"inLanguage":"en-US"},{"@type":"Organization","@id":"https:\/\/gruenbein-shoes.com\/en\/#organization","name":"GR\u00dcNBEIN Switzerland","url":"https:\/\/gruenbein-shoes.com\/en\/","logo":{"@type":"ImageObject","inLanguage":"en-US","@id":"https:\/\/gruenbein-shoes.com\/en\/#\/schema\/logo\/image\/","url":"","contentUrl":"","caption":"GR\u00dcNBEIN Switzerland"},"image":{"@id":"https:\/\/gruenbein-shoes.com\/en\/#\/schema\/logo\/image\/"},"sameAs":["https:\/\/www.facebook.com\/Gr\u00fcnbein-Switzerland","https:\/\/www.instagram.com\/gruenbeinshoes\/"]}]}},"_links":{"self":[{"href":"https:\/\/gruenbein-shoes.com\/en\/wp-json\/wp\/v2\/pages\/37152","targetHints":{"allow":["GET"]}}],"collection":[{"href":"https:\/\/gruenbein-shoes.com\/en\/wp-json\/wp\/v2\/pages"}],"about":[{"href":"https:\/\/gruenbein-shoes.com\/en\/wp-json\/wp\/v2\/types\/page"}],"author":[{"embeddable":true,"href":"https:\/\/gruenbein-shoes.com\/en\/wp-json\/wp\/v2\/users\/1"}],"replies":[{"embeddable":true,"href":"https:\/\/gruenbein-shoes.com\/en\/wp-json\/wp\/v2\/comments?post=37152"}],"version-history":[{"count":6,"href":"https:\/\/gruenbein-shoes.com\/en\/wp-json\/wp\/v2\/pages\/37152\/revisions"}],"predecessor-version":[{"id":39432,"href":"https:\/\/gruenbein-shoes.com\/en\/wp-json\/wp\/v2\/pages\/37152\/revisions\/39432"}],"wp:attachment":[{"href":"https:\/\/gruenbein-shoes.com\/en\/wp-json\/wp\/v2\/media?parent=37152"}],"curies":[{"name":"wp","href":"https:\/\/api.w.org\/{rel}","templated":true}]}}